{"id":10884,"date":"2026-03-16T11:21:20","date_gmt":"2026-03-16T11:21:20","guid":{"rendered":"https:\/\/vendorshop.rs\/?post_type=product&#038;p=10884"},"modified":"2026-03-16T11:21:20","modified_gmt":"2026-03-16T11:21:20","slug":"polica-za-kupatilo-masina-za-ves","status":"publish","type":"product","link":"https:\/\/vendorshop.rs\/index.php\/product\/polica-za-kupatilo-masina-za-ves\/","title":{"rendered":"Polica za kupatilo iznad ve\u0161 ma\u0161ine \u2013 stabilna i funkcionalna, 2 nivoa"},"content":{"rendered":"<h2>Polica za kupatilo iznad ve\u0161 ma\u0161ine<\/h2>\n<p data-start=\"1881\" data-end=\"2083\">Dodajte vi\u0161e prostora u svom kupatilu bez renoviranja! Ova <strong data-start=\"1940\" data-end=\"1964\">polica za ve\u0161 ma\u0161inu<\/strong> omogu\u0107ava idealnu organizaciju prostora iznad ma\u0161ine, savr\u0161ena za boce, kutije, deterd\u017eente, pe\u0161kire i jo\u0161 mnogo toga.<\/p>\n<p data-start=\"2085\" data-end=\"2312\">Stabilna i jednostavna za postavljanje, izra\u0111ena je od plastificiranog metala koji je otporan na vlagu. Dva funkcionalna nivoa daju vi\u0161e opcija za skladi\u0161tenje, a dizajn je prilago\u0111en upravo visini i \u0161irini prose\u010dne ve\u0161 ma\u0161ine.<\/p>\n<p data-start=\"2335\" data-end=\"2354\"><strong data-start=\"2335\" data-end=\"2354\">Karakteristike:<\/strong><\/p>\n<ul data-start=\"2355\" data-end=\"2528\">\n<li data-start=\"2355\" data-end=\"2432\">\n<p data-start=\"2357\" data-end=\"2432\">Dimenzije: prilago\u0111ene ve\u0161 ma\u0161ini (unesi konkretne dimenzije ako ih ima\u0161)<\/p>\n<\/li>\n<li data-start=\"2433\" data-end=\"2468\">\n<p data-start=\"2435\" data-end=\"2468\">Materijal: metal, plastificiran<\/p>\n<\/li>\n<li data-start=\"2469\" data-end=\"2497\">\n<p data-start=\"2471\" data-end=\"2497\">2 police za skladi\u0161tenje<\/p>\n<\/li>\n<li data-start=\"2498\" data-end=\"2528\">\n<p data-start=\"2500\" data-end=\"2528\">Brza i jednostavna monta\u017ea<\/p>\n<\/li>\n<\/ul>\n<p data-start=\"2530\" data-end=\"2600\">\ud83c\udfaf Re\u0161enje koje vam omogu\u0107ava da sve bude na dohvat ruke \u2013 bez nereda!<\/p>\n","protected":false},"excerpt":{"rendered":"<p>Ova vi\u0161enamenska polica za kupatilo sa dve \u010dvrste pregrade vam poma\u017ee da iskoristite prostor iznad ve\u0161 ma\u0161ine uz\u00a0 \u2013 za deterd\u017eente, pe\u0161kire i dodatke za pranje ve\u0161a.<\/p>\n","protected":false},"featured_media":10885,"comment_status":"open","ping_status":"closed","template":"","meta":[],"product_brand":[],"product_cat":[71],"product_tag":[],"class_list":{"0":"post-10884","1":"product","2":"type-product","3":"status-publish","4":"has-post-thumbnail","6":"product_cat-sve-za-kucu","8":"first","9":"instock","10":"shipping-taxable","11":"purchasable","12":"product-type-simple"},"_links":{"self":[{"href":"https:\/\/vendorshop.rs\/index.php\/wp-json\/wp\/v2\/product\/10884","targetHints":{"allow":["GET"]}}],"collection":[{"href":"https:\/\/vendorshop.rs\/index.php\/wp-json\/wp\/v2\/product"}],"about":[{"href":"https:\/\/vendorshop.rs\/index.php\/wp-json\/wp\/v2\/types\/product"}],"replies":[{"embeddable":true,"href":"https:\/\/vendorshop.rs\/index.php\/wp-json\/wp\/v2\/comments?post=10884"}],"version-history":[{"count":1,"href":"https:\/\/vendorshop.rs\/index.php\/wp-json\/wp\/v2\/product\/10884\/revisions"}],"predecessor-version":[{"id":10886,"href":"https:\/\/vendorshop.rs\/index.php\/wp-json\/wp\/v2\/product\/10884\/revisions\/10886"}],"wp:featuredmedia":[{"embeddable":true,"href":"https:\/\/vendorshop.rs\/index.php\/wp-json\/wp\/v2\/media\/10885"}],"wp:attachment":[{"href":"https:\/\/vendorshop.rs\/index.php\/wp-json\/wp\/v2\/media?parent=10884"}],"wp:term":[{"taxonomy":"product_brand","embeddable":true,"href":"https:\/\/vendorshop.rs\/index.php\/wp-json\/wp\/v2\/product_brand?post=10884"},{"taxonomy":"product_cat","embeddable":true,"href":"https:\/\/vendorshop.rs\/index.php\/wp-json\/wp\/v2\/product_cat?post=10884"},{"taxonomy":"product_tag","embeddable":true,"href":"https:\/\/vendorshop.rs\/index.php\/wp-json\/wp\/v2\/product_tag?post=10884"}],"curies":[{"name":"wp","href":"https:\/\/api.w.org\/{rel}","templated":true}]}}