{"id":10895,"date":"2026-03-17T09:37:23","date_gmt":"2026-03-17T09:37:23","guid":{"rendered":"https:\/\/vendorshop.rs\/?post_type=product&#038;p=10895"},"modified":"2026-03-17T09:37:24","modified_gmt":"2026-03-17T09:37:24","slug":"auto-startni-uredjaj-sa-kompresorom","status":"publish","type":"product","link":"https:\/\/vendorshop.rs\/index.php\/product\/auto-startni-uredjaj-sa-kompresorom\/","title":{"rendered":"GKFLY 4 u 1 Auto Startni Ure\u0111aj sa Kompresorom \u2013 2000A, 16000mAh, Prenosna Baterija, Inflator, LED Svetlo"},"content":{"rendered":"<p data-start=\"389\" data-end=\"622\"><span class=\"relative -mx-px my-[-0.2rem] rounded px-px py-[0.2rem] transition-colors duration-100 ease-in-out\"><strong data-start=\"0\" data-end=\"35\" data-is-only-node=\"\">GKFLY 4 u 1 Auto Startni Ure\u0111aj<\/strong> je multifunkcionalni ure\u0111aj dizajniran za voza\u010de koji \u017eele sigurnost i prakti\u010dnost u svakodnevnom \u017eivotu.<\/span> Sa <strong data-start=\"430\" data-end=\"467\">2000A vr\u0161nim strujnim kapacitetom<\/strong>, ovaj ure\u0111aj mo\u017ee brzo pokrenuti vozila sa 12V sistemom, uklju\u010duju\u0107i benzinske motore do 6L i dizel motore do 4.5L.<\/p>\n<p data-start=\"624\" data-end=\"742\"><span class=\"relative -mx-px my-[-0.2rem] rounded px-px py-[0.2rem] transition-colors duration-100 ease-in-out\">Pored funkcije startovanja, ure\u0111aj je opremljen sa <strong data-start=\"51\" data-end=\"83\">16000mAh prenosnom baterijom<\/strong>, koja omogu\u0107ava punjenje mobilnih ure\u0111aja putem USB izlaza.<\/span> <span class=\"relative -mx-px my-[-0.2rem] rounded px-px py-[0.2rem] transition-colors duration-100 ease-in-out\"><strong data-start=\"0\" data-end=\"33\" data-is-only-node=\"\">Digitalni inflator sa ekranom<\/strong> podr\u017eava inflaciju guma do <strong data-start=\"61\" data-end=\"71\">150psi<\/strong>, \u0161to je idealno za automobile, bicikle i druge gume.<\/span><\/p>\n<p data-start=\"744\" data-end=\"822\"><span class=\"relative -mx-px my-[-0.2rem] rounded px-px py-[0.2rem] transition-colors duration-100 ease-in-out\">Za dodatnu sigurnost, ure\u0111aj ima <strong data-start=\"33\" data-end=\"47\">LED svetlo<\/strong> sa tri re\u017eima: svetlo, trep\u0107u\u0107e i SOS signal, \u0161to je korisno u hitnim situacijama ili tokom no\u0107nih putovanja.<\/span><\/p>\n<p data-start=\"824\" data-end=\"842\"><strong data-start=\"824\" data-end=\"842\">Specifikacije:<\/strong><\/p>\n<ul data-start=\"843\" data-end=\"1469\">\n<li data-start=\"843\" data-end=\"913\">\n<p data-start=\"845\" data-end=\"913\"><strong data-start=\"845\" data-end=\"873\">Vr\u0161ni strujni kapacitet:<\/strong> <span class=\"relative -mx-px my-[-0.2rem] rounded px-px py-[0.2rem] transition-colors duration-100 ease-in-out\">2000A<\/span><\/p>\n<\/li>\n<li data-start=\"914\" data-end=\"979\">\n<p data-start=\"916\" data-end=\"979\"><strong data-start=\"916\" data-end=\"939\">Kapacitet baterije:<\/strong> <span class=\"relative -mx-px my-[-0.2rem] rounded px-px py-[0.2rem] transition-colors duration-100 ease-in-out\">16000mAh<\/span><\/p>\n<\/li>\n<li data-start=\"980\" data-end=\"1043\">\n<p data-start=\"982\" data-end=\"1043\"><strong data-start=\"982\" data-end=\"1003\">Ulaz za punjenje:<\/strong> <span class=\"relative -mx-px my-[-0.2rem] rounded px-px py-[0.2rem] transition-colors duration-100 ease-in-out\">5V-2A<\/span><\/p>\n<\/li>\n<li data-start=\"1044\" data-end=\"1100\">\n<p data-start=\"1046\" data-end=\"1100\"><strong data-start=\"1046\" data-end=\"1060\">USB izlaz:<\/strong> <span class=\"relative -mx-px my-[-0.2rem] rounded px-px py-[0.2rem] transition-colors duration-100 ease-in-out\">5V-2A<\/span><\/p>\n<\/li>\n<li data-start=\"1101\" data-end=\"1156\">\n<p data-start=\"1103\" data-end=\"1156\"><strong data-start=\"1103\" data-end=\"1116\">Inflator:<\/strong> <span class=\"relative -mx-px my-[-0.2rem] rounded px-px py-[0.2rem] transition-colors duration-100 ease-in-out\">do 150psi<\/span><\/p>\n<\/li>\n<li data-start=\"1157\" data-end=\"1222\">\n<p data-start=\"1159\" data-end=\"1222\"><strong data-start=\"1159\" data-end=\"1182\">Temperaturni opseg:<\/strong> <span class=\"relative -mx-px my-[-0.2rem] rounded px-px py-[0.2rem] transition-colors duration-100 ease-in-out\">-20~60\u2103<\/span><\/p>\n<\/li>\n<li data-start=\"1223\" data-end=\"1279\">\n<p data-start=\"1225\" data-end=\"1279\"><strong data-start=\"1225\" data-end=\"1239\">Dimenzije:<\/strong> <span class=\"relative -mx-px my-[-0.2rem] rounded px-px py-[0.2rem] transition-colors duration-100 ease-in-out\">220mm x 110mm x 56mm<\/span><\/p>\n<\/li>\n<li data-start=\"1280\" data-end=\"1298\">\n<p data-start=\"1282\" data-end=\"1298\"><strong data-start=\"1282\" data-end=\"1293\">Te\u017eina:<\/strong> 720g<\/p>\n<\/li>\n<li data-start=\"1299\" data-end=\"1356\">\n<p data-start=\"1301\" data-end=\"1356\"><strong data-start=\"1301\" data-end=\"1316\">LED svetlo:<\/strong> <span class=\"relative -mx-px my-[-0.2rem] rounded px-px py-[0.2rem] transition-colors duration-100 ease-in-out\">da (3 re\u017eima)<\/span><\/p>\n<\/li>\n<li data-start=\"1357\" data-end=\"1469\">\n<p data-start=\"1359\" data-end=\"1469\"><strong data-start=\"1359\" data-end=\"1390\">Kompatibilnost sa vozilima:<\/strong> <span class=\"relative -mx-px my-[-0.2rem] rounded px-px py-[0.2rem] transition-colors duration-100 ease-in-out\">12V sistemi (benzin do 6L, dizel do 4.5L)<\/span><span class=\"\" data-state=\"closed\"><span class=\"ms-1 inline-flex max-w-full items-center relative top-[-0.094rem] animate-[show_150ms_ease-in]\"><a class=\"flex h-4.5 overflow-hidden rounded-xl px-2 text-[9px] font-medium text-token-text-secondary! bg-[#F4F4F4]! dark:bg-[#303030]! transition-colors duration-150 ease-in-out\" href=\"https:\/\/www.newegg.com\/p\/0MD-0693-00025?srsltid=AfmBOooqMH8UCIaU1FXOwywyWmCcfTWiXkkAw54nDekpPLwqnpG-uzLU&amp;utm_source=chatgpt.com\" target=\"_blank\" rel=\"noopener\"><span class=\"relative start-0 bottom-0 flex h-full w-full items-center\"><span class=\"flex h-4 w-full items-center justify-between overflow-hidden\"><span class=\"max-w-full grow truncate overflow-hidden text-center\">Newegg.com<\/span><\/span><\/span><\/a><\/span><\/span><span class=\"\" data-state=\"closed\"><span class=\"ms-1 inline-flex max-w-full items-center relative top-[-0.094rem] animate-[show_150ms_ease-in]\"><a class=\"flex h-4.5 overflow-hidden rounded-xl px-2 text-[9px] font-medium text-token-text-secondary! bg-[#F4F4F4]! dark:bg-[#303030]! transition-colors duration-150 ease-in-out\" href=\"https:\/\/gkfly.com\/products\/gkfly-turbo-jump-starter-4-in-1-pump-air-compressor-2000a-power-bank-12v-digital-tire-inflator-150psi-emergency-battery-booster?utm_source=chatgpt.com\" target=\"_blank\" rel=\"noopener\"><span class=\"relative start-0 bottom-0 flex h-full w-full items-center\"><span class=\"flex h-4 w-full items-center justify-between\"><span class=\"max-w-full grow truncate overflow-hidden text-center\">GKFLY &amp; Teschev<\/span><span class=\"-me-1 flex h-full items-center rounded-full px-1 text-[#8F8F8F]\">+1<\/span><\/span><span class=\"flex h-4 w-full items-center justify-between absolute\"><span class=\"max-w-full grow truncate overflow-hidden text-center\">GKFLY &amp; Teschev<\/span><span class=\"-me-1 flex h-full items-center rounded-full px-1 text-[#8F8F8F]\">+1<\/span><\/span><\/span><\/a><\/span><\/span><span class=\"\" data-state=\"closed\"><span class=\"ms-1 inline-flex max-w-full items-center relative top-[-0.094rem] animate-[show_150ms_ease-in]\"><a class=\"flex h-4.5 overflow-hidden rounded-xl px-2 text-[9px] font-medium text-token-text-secondary! bg-[#F4F4F4]! dark:bg-[#303030]! transition-colors duration-150 ease-in-out\" href=\"https:\/\/gkfly.com\/products\/2000a-car-jump-starter-air-pump-multi-function-4-in-1-air-compressor-power-bank-car-battery-starter-starting-auto-tyre-inflator?utm_source=chatgpt.com\" target=\"_blank\" rel=\"noopener\"><span class=\"relative start-0 bottom-0 flex h-full w-full items-center\"><span class=\"flex h-4 w-full items-center justify-between overflow-hidden\"><span class=\"max-w-full grow truncate overflow-hidden text-center\">GKFLY &amp; Teschev<\/span><\/span><\/span><\/a><\/span><\/span><\/p>\n<\/li>\n<\/ul>\n<p data-start=\"1471\" data-end=\"1484\"><strong data-start=\"1471\" data-end=\"1484\">U paketu:<\/strong><\/p>\n<ul data-start=\"1485\" data-end=\"1817\">\n<li data-start=\"1485\" data-end=\"1526\">\n<p data-start=\"1487\" data-end=\"1526\"><span class=\"relative -mx-px my-[-0.2rem] rounded px-px py-[0.2rem] transition-colors duration-100 ease-in-out\">Auto startni ure\u0111aj<\/span><\/p>\n<\/li>\n<li data-start=\"1527\" data-end=\"1568\">\n<p data-start=\"1529\" data-end=\"1568\"><span class=\"relative -mx-px my-[-0.2rem] rounded px-px py-[0.2rem] transition-colors duration-100 ease-in-out\">Za\u0161titne kleme (crvena=pozitivna; crna=negativna)<\/span><\/p>\n<\/li>\n<li data-start=\"1569\" data-end=\"1610\">\n<p data-start=\"1571\" data-end=\"1610\"><span class=\"relative -mx-px my-[-0.2rem] rounded px-px py-[0.2rem] transition-colors duration-100 ease-in-out\">USB kabl<\/span><\/p>\n<\/li>\n<li data-start=\"1611\" data-end=\"1652\">\n<p data-start=\"1613\" data-end=\"1652\"><span class=\"relative -mx-px my-[-0.2rem] rounded px-px py-[0.2rem] transition-colors duration-100 ease-in-out\">3 nastavka za inflator<\/span><\/p>\n<\/li>\n<li data-start=\"1653\" data-end=\"1694\">\n<p data-start=\"1655\" data-end=\"1694\"><span class=\"relative -mx-px my-[-0.2rem] rounded px-px py-[0.2rem] transition-colors duration-100 ease-in-out\">Inflaciona creva<\/span><\/p>\n<\/li>\n<li data-start=\"1695\" data-end=\"1736\">\n<p data-start=\"1697\" data-end=\"1736\"><span class=\"relative -mx-px my-[-0.2rem] rounded px-px py-[0.2rem] transition-colors duration-100 ease-in-out\">Engleska uputstva<\/span><\/p>\n<\/li>\n<li data-start=\"1737\" data-end=\"1817\">\n<p data-start=\"1739\" data-end=\"1817\"><span class=\"relative -mx-px my-[-0.2rem] rounded px-px py-[0.2rem] transition-colors duration-100 ease-in-out\">Torba za skladi\u0161tenje<\/span><span class=\"\" data-state=\"closed\"><span class=\"ms-1 inline-flex max-w-full items-center relative top-[-0.094rem] animate-[show_150ms_ease-in]\"><a class=\"flex h-4.5 overflow-hidden rounded-xl px-2 text-[9px] font-medium text-token-text-secondary! bg-[#F4F4F4]! dark:bg-[#303030]! transition-colors duration-150 ease-in-out\" href=\"https:\/\/gkfly.com\/products\/gkfly-turbo-jump-starter-4-in-1-pump-air-compressor-2000a-power-bank-12v-digital-tire-inflator-150psi-emergency-battery-booster?utm_source=chatgpt.com\" target=\"_blank\" rel=\"noopener\"><span class=\"relative start-0 bottom-0 flex h-full w-full items-center\"><span class=\"flex h-4 w-full items-center justify-between absolute\"><span class=\"max-w-full grow truncate overflow-hidden text-center\">m.banggood.com<\/span><span class=\"-me-1 flex h-full items-center rounded-full px-1 text-[#8F8F8F]\">+7<\/span><\/span><span class=\"flex h-4 w-full items-center justify-between\"><span class=\"max-w-full grow truncate overflow-hidden text-center\">GKFLY &amp; Teschev<\/span><span class=\"-me-1 flex h-full items-center rounded-full px-1 text-[#8F8F8F]\">+7<\/span><\/span><span class=\"flex h-4 w-full items-center justify-between absolute\"><span class=\"max-w-full grow truncate overflow-hidden text-center\">GKFLY &amp; Teschev<\/span><span class=\"-me-1 flex h-full items-center rounded-full px-1 text-[#8F8F8F]\">+7<\/span><\/span><\/span><\/a><\/span><\/span><span class=\"\" data-state=\"closed\"><span class=\"ms-1 inline-flex max-w-full items-center relative top-[-0.094rem] animate-[show_150ms_ease-in]\"><a class=\"flex h-4.5 overflow-hidden rounded-xl px-2 text-[9px] font-medium text-token-text-secondary! bg-[#F4F4F4]! dark:bg-[#303030]! transition-colors duration-150 ease-in-out\" href=\"https:\/\/m.banggood.com\/buy\/jump-starter-gkfly.html?utm_source=chatgpt.com\" target=\"_blank\" rel=\"noopener\"><span class=\"relative start-0 bottom-0 flex h-full w-full items-center\"><span class=\"flex h-4 w-full items-center justify-between\"><span class=\"max-w-full grow truncate overflow-hidden text-center\">m.banggood.com<\/span><span class=\"-me-1 flex h-full items-center rounded-full px-1 text-[#8F8F8F]\">+1<\/span><\/span><span class=\"flex h-4 w-full items-center justify-between absolute\"><span class=\"max-w-full grow truncate overflow-hidden text-center\">Reddit<\/span><span class=\"-me-1 flex h-full items-center rounded-full px-1 text-[#8F8F8F]\">+1<\/span><\/span><\/span><\/a><\/span><\/span><\/p>\n<\/li>\n<\/ul>\n<p data-start=\"1819\" data-end=\"1897\"><span class=\"relative -mx-px my-[-0.2rem] rounded px-px py-[0.2rem] transition-colors duration-100 ease-in-out\">Ovaj ure\u0111aj je savr\u0161en za voza\u010de koji \u017eele biti spremni za neo\u010dekivane situacije na putu, pru\u017eaju\u0107i sigurnost, prakti\u010dnost i efikasnost u jednom kompaktnom paketu.<\/span><\/p>\n","protected":false},"excerpt":{"rendered":"<p><span class=\"relative -mx-px my-[-0.2rem] rounded px-px py-[0.2rem] transition-colors duration-100 ease-in-out\"><strong data-start=\"0\" data-end=\"35\" data-is-only-node=\"\">GKFLY 4 u 1 Auto Startni Ure\u0111aj<\/strong> je sveobuhvatan alat za voza\u010de: pokre\u0107e vozila do 6L benzinskih i 4.5L dizel motora, puni ure\u0111aje, napumpava gume do 150psi i pru\u017ea LED svetlo u tri re\u017eima.<\/span><\/p>\n","protected":false},"featured_media":10903,"comment_status":"open","ping_status":"closed","template":"","meta":[],"product_brand":[],"product_cat":[216],"product_tag":[],"class_list":{"0":"post-10895","1":"product","2":"type-product","3":"status-publish","4":"has-post-thumbnail","6":"product_cat-sve-za-auto","8":"first","9":"instock","10":"shipping-taxable","11":"purchasable","12":"product-type-simple"},"_links":{"self":[{"href":"https:\/\/vendorshop.rs\/index.php\/wp-json\/wp\/v2\/product\/10895","targetHints":{"allow":["GET"]}}],"collection":[{"href":"https:\/\/vendorshop.rs\/index.php\/wp-json\/wp\/v2\/product"}],"about":[{"href":"https:\/\/vendorshop.rs\/index.php\/wp-json\/wp\/v2\/types\/product"}],"replies":[{"embeddable":true,"href":"https:\/\/vendorshop.rs\/index.php\/wp-json\/wp\/v2\/comments?post=10895"}],"version-history":[{"count":1,"href":"https:\/\/vendorshop.rs\/index.php\/wp-json\/wp\/v2\/product\/10895\/revisions"}],"predecessor-version":[{"id":10904,"href":"https:\/\/vendorshop.rs\/index.php\/wp-json\/wp\/v2\/product\/10895\/revisions\/10904"}],"wp:featuredmedia":[{"embeddable":true,"href":"https:\/\/vendorshop.rs\/index.php\/wp-json\/wp\/v2\/media\/10903"}],"wp:attachment":[{"href":"https:\/\/vendorshop.rs\/index.php\/wp-json\/wp\/v2\/media?parent=10895"}],"wp:term":[{"taxonomy":"product_brand","embeddable":true,"href":"https:\/\/vendorshop.rs\/index.php\/wp-json\/wp\/v2\/product_brand?post=10895"},{"taxonomy":"product_cat","embeddable":true,"href":"https:\/\/vendorshop.rs\/index.php\/wp-json\/wp\/v2\/product_cat?post=10895"},{"taxonomy":"product_tag","embeddable":true,"href":"https:\/\/vendorshop.rs\/index.php\/wp-json\/wp\/v2\/product_tag?post=10895"}],"curies":[{"name":"wp","href":"https:\/\/api.w.org\/{rel}","templated":true}]}}