{"id":10923,"date":"2026-03-17T09:58:23","date_gmt":"2026-03-17T09:58:23","guid":{"rendered":"https:\/\/vendorshop.rs\/?post_type=product&#038;p=10923"},"modified":"2026-03-17T09:58:23","modified_gmt":"2026-03-17T09:58:23","slug":"bezicni-aparat-za-kuvanje-jaja","status":"publish","type":"product","link":"https:\/\/vendorshop.rs\/index.php\/product\/bezicni-aparat-za-kuvanje-jaja\/","title":{"rendered":"Be\u017ei\u010dni aparat za kuvanje jaja \u2013 do 7 jaja, precizno savr\u0161eno kuvanje bez nereda"},"content":{"rendered":"<h2>Be\u017ei\u010dni aparat za kuvanje jaja<\/h2>\n<p data-start=\"273\" data-end=\"310\"><span class=\"relative -mx-px my-[-0.2rem] rounded px-px py-[0.2rem] transition-colors duration-100 ease-in-out\">U\u017eivajte u svakodnevno savr\u0161eno skuvanim jajima \u2013 bez bojazni da li su prekuvana, tvrda ili nedovoljno kuvana. Na\u0161 <strong data-start=\"115\" data-end=\"149\">be\u017ei\u010dni aparat za kuvanje jaja<\/strong> omogu\u0107ava vam da skuvate od <strong data-start=\"178\" data-end=\"193\">1 do 7 jaja<\/strong> istovremeno, ba\u0161 onako kako volite.<\/span><\/p>\n<p data-start=\"312\" data-end=\"594\"><span class=\"relative -mx-px my-[-0.2rem] rounded px-px py-[0.2rem] transition-colors duration-100 ease-in-out\">\u27a1\ufe0f <strong data-start=\"3\" data-end=\"32\">Precizna kontrola kuvanja<\/strong> \u2013 Kori\u0161\u0107enjem prilo\u017eene merne \u010da\u0161e i dozirane koli\u010dine vode dobijate idealnu tvrdo\u0107u: meko, srednje ili tvrdo kuvana jaja.<\/span><br data-start=\"349\" data-end=\"352\" \/><span class=\"relative -mx-px my-[-0.2rem] rounded px-px py-[0.2rem] transition-colors duration-100 ease-in-out\">\u27a1\ufe0f <strong data-start=\"3\" data-end=\"38\">U\u0161teda vremena, energije i vode<\/strong> \u2013 Aparat koristi samo potrebnu koli\u010dinu vode, \u0161tedi el. struju i spre\u010dava nepotrebno kuvanje u velikoj \u0161erpi ili loncu.<\/span><br data-start=\"389\" data-end=\"392\" \/><span class=\"relative -mx-px my-[-0.2rem] rounded px-px py-[0.2rem] transition-colors duration-100 ease-in-out\">\u27a1\ufe0f <strong data-start=\"3\" data-end=\"25\">Automatsko ga\u0161enje<\/strong> \u2013 Na kraju ciklusa kuvanja, aparat se sam isklju\u010duje, \u010dime spre\u010dava prekuvavanje jaja i daje mir tokom rada.<\/span>\u00a0<br data-start=\"467\" data-end=\"470\" \/>\u27a1\ufe0f <strong data-start=\"473\" data-end=\"502\">Jednostavan za kori\u0161\u0107enje<\/strong> \u2013 Uklju\u010duje se korpa za jaja i merna \u010da\u0161a u paketu, a rukovanje je brzo i bez komplikacija.<\/p>\n<p data-start=\"596\" data-end=\"626\"><strong data-start=\"596\" data-end=\"624\">Savr\u0161ena doru\u010dak opcija:<\/strong><\/p>\n<ul data-start=\"627\" data-end=\"798\">\n<li data-start=\"627\" data-end=\"673\">\n<p data-start=\"629\" data-end=\"673\">Kuvajte samo jedno jaje za lagani doru\u010dak.<\/p>\n<\/li>\n<li data-start=\"674\" data-end=\"736\">\n<p data-start=\"676\" data-end=\"736\">Pripremite sedam jaja odjednom za celu porodicu ili goste.<\/p>\n<\/li>\n<li data-start=\"737\" data-end=\"798\">\n<p data-start=\"739\" data-end=\"798\">U\u017eivajte u precizno skuvanom jajetu, bez nereda i pra\u0107enja.<\/p>\n<\/li>\n<\/ul>\n<h3 data-start=\"805\" data-end=\"842\"><\/h3>\n<h3 data-start=\"805\" data-end=\"842\">\ud83e\uddfe <strong data-start=\"812\" data-end=\"840\">\u0160ta sve dolazi u paketu:<\/strong><\/h3>\n<ul data-start=\"843\" data-end=\"1009\">\n<li data-start=\"843\" data-end=\"877\">\n<p data-start=\"845\" data-end=\"877\">Be\u017ei\u010dni aparat za kuvanje jaja<\/p>\n<\/li>\n<li data-start=\"878\" data-end=\"914\">\n<p data-start=\"880\" data-end=\"914\">Korpica za kuvanje (za 1\u20137 jaja)<\/p>\n<\/li>\n<li data-start=\"915\" data-end=\"961\">\n<p data-start=\"917\" data-end=\"961\">Merna \u010da\u0161a za jednu odmerenu koli\u010dinu vode<\/p>\n<\/li>\n<li data-start=\"962\" data-end=\"1009\">\n<p data-start=\"964\" data-end=\"1009\">Koristan i prakti\u010dan dodatak u svakoj kuhinji<\/p>\n<\/li>\n<\/ul>\n<h3 data-start=\"1016\" data-end=\"1055\"><\/h3>\n<h3 data-start=\"1016\" data-end=\"1055\">\u2705 <strong data-start=\"1022\" data-end=\"1053\">Za\u0161to je izuzetno koristan:<\/strong><\/h3>\n<ul data-start=\"1056\" data-end=\"1263\">\n<li data-start=\"1056\" data-end=\"1107\">\n<p data-start=\"1058\" data-end=\"1107\">Precizno pode\u0161eno kuvanje jaja \u279d bez prekuvanja<\/p>\n<\/li>\n<li data-start=\"1108\" data-end=\"1154\">\n<p data-start=\"1110\" data-end=\"1154\">Idealno za porodi\u010dne doru\u010dke i brze obroke<\/p>\n<\/li>\n<li data-start=\"1155\" data-end=\"1197\">\n<p data-start=\"1157\" data-end=\"1197\">Ekonomi\u010dan i jednostavan za kori\u0161\u0107enje<\/p>\n<\/li>\n<li data-start=\"1198\" data-end=\"1263\">\n<p data-start=\"1200\" data-end=\"1263\">Pogodan za sve \u2013 od studenata i penzionera do zauzetih porodica<\/p>\n<\/li>\n<\/ul>\n<p data-start=\"1270\" data-end=\"1349\">Naru\u010dite odmah i unesite dozu prakti\u010dnosti i savr\u0161ene lako\u0107e u va\u0161u kuhinju! \ud83e\udd5a<\/p>\n","protected":false},"excerpt":{"rendered":"<p><span class=\"relative -mx-px my-[-0.2rem] rounded px-px py-[0.2rem] transition-colors duration-100 ease-in-out\">Be\u017ei\u010dni aparat za kuvanje jaja za 1\u20137 komada, sa preciznim koli\u010dinama vode i automatskim ga\u0161enjem. Idealno za savr\u0161eno meko, srednje ili potpuno tvrdo kuvana jaja \u2013 jednostavno i bez stresa.<\/span><\/p>\n","protected":false},"featured_media":10929,"comment_status":"open","ping_status":"closed","template":"","meta":[],"product_brand":[],"product_cat":[71],"product_tag":[],"class_list":{"0":"post-10923","1":"product","2":"type-product","3":"status-publish","4":"has-post-thumbnail","6":"product_cat-sve-za-kucu","8":"first","9":"instock","10":"shipping-taxable","11":"purchasable","12":"product-type-simple"},"_links":{"self":[{"href":"https:\/\/vendorshop.rs\/index.php\/wp-json\/wp\/v2\/product\/10923","targetHints":{"allow":["GET"]}}],"collection":[{"href":"https:\/\/vendorshop.rs\/index.php\/wp-json\/wp\/v2\/product"}],"about":[{"href":"https:\/\/vendorshop.rs\/index.php\/wp-json\/wp\/v2\/types\/product"}],"replies":[{"embeddable":true,"href":"https:\/\/vendorshop.rs\/index.php\/wp-json\/wp\/v2\/comments?post=10923"}],"version-history":[{"count":2,"href":"https:\/\/vendorshop.rs\/index.php\/wp-json\/wp\/v2\/product\/10923\/revisions"}],"predecessor-version":[{"id":10931,"href":"https:\/\/vendorshop.rs\/index.php\/wp-json\/wp\/v2\/product\/10923\/revisions\/10931"}],"wp:featuredmedia":[{"embeddable":true,"href":"https:\/\/vendorshop.rs\/index.php\/wp-json\/wp\/v2\/media\/10929"}],"wp:attachment":[{"href":"https:\/\/vendorshop.rs\/index.php\/wp-json\/wp\/v2\/media?parent=10923"}],"wp:term":[{"taxonomy":"product_brand","embeddable":true,"href":"https:\/\/vendorshop.rs\/index.php\/wp-json\/wp\/v2\/product_brand?post=10923"},{"taxonomy":"product_cat","embeddable":true,"href":"https:\/\/vendorshop.rs\/index.php\/wp-json\/wp\/v2\/product_cat?post=10923"},{"taxonomy":"product_tag","embeddable":true,"href":"https:\/\/vendorshop.rs\/index.php\/wp-json\/wp\/v2\/product_tag?post=10923"}],"curies":[{"name":"wp","href":"https:\/\/api.w.org\/{rel}","templated":true}]}}