{"id":10980,"date":"2026-03-18T11:11:07","date_gmt":"2026-03-18T11:11:07","guid":{"rendered":"https:\/\/vendorshop.rs\/?post_type=product&#038;p=10980"},"modified":"2026-03-18T11:11:07","modified_gmt":"2026-03-18T11:11:07","slug":"set-za-dubinsko-pranje-i-poliranje","status":"publish","type":"product","link":"https:\/\/vendorshop.rs\/index.php\/product\/set-za-dubinsko-pranje-i-poliranje\/","title":{"rendered":"Set za dubinsko pranje i poliranje auta"},"content":{"rendered":"<h2>Set za dubinsko pranje i poliranje auta<\/h2>\n<p>Ovaj sveobuhvatni set za \u010di\u0161\u0107enje sadr\u017ei razli\u010dite vrste \u010detki, sun\u0111era, krpa i dodataka koji omogu\u0107avaju temeljno odr\u017eavanje automobila, ali i svakodnevno \u010di\u0161\u0107enje u ku\u0107i. U kompletu se nalaze \u010detke za bu\u0161ilicu za tvrdokornu prljav\u0161tinu, detailing \u010detke za uske i te\u0161ko dostupne delove, rukavice i krpe od mikrovlakana koje ne o\u0161te\u0107uju povr\u0161ine, kao i dodatni elementi poput gela za \u010di\u0161\u0107enje i sun\u0111era za poliranje. Prakti\u010dan, vi\u0161ekratan i jednostavan za upotrebu \u2013 sve \u0161to vam je potrebno za \u010dist i sjajan automobil ili dom.<\/p>\n<h2><\/h2>\n","protected":false},"excerpt":{"rendered":"<p>Set za dubinsko pranje i poliranje je vi\u0161enamenski komplet za detaljno \u010di\u0161\u0107enje automobila i doma, sa \u010detkama, sun\u0111erima, krpama i rukavicama. Prakti\u010dan za unutra\u0161nje i spolja\u0161nje povr\u0161ine, jednostavan za upotrebu i odli\u010dan za poklon.<\/p>\n","protected":false},"featured_media":10981,"comment_status":"open","ping_status":"closed","template":"","meta":[],"product_brand":[],"product_cat":[216],"product_tag":[],"class_list":{"0":"post-10980","1":"product","2":"type-product","3":"status-publish","4":"has-post-thumbnail","6":"product_cat-sve-za-auto","8":"first","9":"instock","10":"shipping-taxable","11":"purchasable","12":"product-type-simple"},"_links":{"self":[{"href":"https:\/\/vendorshop.rs\/index.php\/wp-json\/wp\/v2\/product\/10980","targetHints":{"allow":["GET"]}}],"collection":[{"href":"https:\/\/vendorshop.rs\/index.php\/wp-json\/wp\/v2\/product"}],"about":[{"href":"https:\/\/vendorshop.rs\/index.php\/wp-json\/wp\/v2\/types\/product"}],"replies":[{"embeddable":true,"href":"https:\/\/vendorshop.rs\/index.php\/wp-json\/wp\/v2\/comments?post=10980"}],"version-history":[{"count":1,"href":"https:\/\/vendorshop.rs\/index.php\/wp-json\/wp\/v2\/product\/10980\/revisions"}],"predecessor-version":[{"id":10982,"href":"https:\/\/vendorshop.rs\/index.php\/wp-json\/wp\/v2\/product\/10980\/revisions\/10982"}],"wp:featuredmedia":[{"embeddable":true,"href":"https:\/\/vendorshop.rs\/index.php\/wp-json\/wp\/v2\/media\/10981"}],"wp:attachment":[{"href":"https:\/\/vendorshop.rs\/index.php\/wp-json\/wp\/v2\/media?parent=10980"}],"wp:term":[{"taxonomy":"product_brand","embeddable":true,"href":"https:\/\/vendorshop.rs\/index.php\/wp-json\/wp\/v2\/product_brand?post=10980"},{"taxonomy":"product_cat","embeddable":true,"href":"https:\/\/vendorshop.rs\/index.php\/wp-json\/wp\/v2\/product_cat?post=10980"},{"taxonomy":"product_tag","embeddable":true,"href":"https:\/\/vendorshop.rs\/index.php\/wp-json\/wp\/v2\/product_tag?post=10980"}],"curies":[{"name":"wp","href":"https:\/\/api.w.org\/{rel}","templated":true}]}}