{"id":10988,"date":"2026-03-18T11:18:05","date_gmt":"2026-03-18T11:18:05","guid":{"rendered":"https:\/\/vendorshop.rs\/?post_type=product&#038;p=10988"},"modified":"2026-03-18T11:18:05","modified_gmt":"2026-03-18T11:18:05","slug":"elektricna-uv-lampa","status":"publish","type":"product","link":"https:\/\/vendorshop.rs\/index.php\/product\/elektricna-uv-lampa\/","title":{"rendered":"Elektri\u010dna UV lampa protiv komaraca"},"content":{"rendered":"<h2><strong data-start=\"185\" data-end=\"258\">Elektri\u010dna UV lampa protiv komaraca \u2013 Efikasna za\u0161tita bez hemikalija<\/strong><\/h2>\n<p data-start=\"260\" data-end=\"593\">Za\u0161titite svoj prostor od komaraca uz <strong data-start=\"298\" data-end=\"321\">elektri\u010dnu UV lampu<\/strong> koja pokriva do 300 m\u00b2 i pru\u017ea <strong data-start=\"353\" data-end=\"373\">360\u00b0 radni opseg<\/strong> bez mrtvih uglova. Ovaj ure\u0111aj privla\u010di insekte UV svetlom i elimini\u0161e ih bezbedno i tiho pomo\u0107u elektri\u010dne mre\u017eice, bez upotrebe \u0161tetnih hemikalija, \u0161to ga \u010dini potpuno sigurnim za upotrebu u prisustvu beba i trudnica.<\/p>\n<h3 data-start=\"595\" data-end=\"622\">Sigurnost i prakti\u010dnost<\/h3>\n<p data-start=\"624\" data-end=\"826\">Lampe je mogu\u0107e postaviti na zid ili sto, a moderan dizajn uklapa se u svaki prostor. LED UV ljubi\u010dasto svetlo deluje efektno na komarce, dok USB-C punjenje omogu\u0107ava jednostavnu i brzu dopunu baterije.<\/p>\n<h3 data-start=\"828\" data-end=\"847\">Tiho i efikasno<\/h3>\n<p data-start=\"849\" data-end=\"1017\">Rad ure\u0111aja je tih i ne ometa svakodnevne aktivnosti, a velika pokrivenost od 300 m\u00b2 i radni ugao od 360\u00b0 garantuju da su komarci eliminisani iz svakog ugla prostorije.<\/p>\n","protected":false},"excerpt":{"rendered":"<p>Elektri\u010dna UV lampa protiv komaraca sa pokriveno\u0161\u0107u do 300 m\u00b2 i 360\u00b0 radnim uglom elimini\u0161e insekte bez hemikalija. Tiha i sigurna, puni se USB-C kablom.<\/p>\n","protected":false},"featured_media":10991,"comment_status":"open","ping_status":"closed","template":"","meta":[],"product_brand":[],"product_cat":[71],"product_tag":[],"class_list":{"0":"post-10988","1":"product","2":"type-product","3":"status-publish","4":"has-post-thumbnail","6":"product_cat-sve-za-kucu","8":"first","9":"instock","10":"shipping-taxable","11":"purchasable","12":"product-type-simple"},"_links":{"self":[{"href":"https:\/\/vendorshop.rs\/index.php\/wp-json\/wp\/v2\/product\/10988","targetHints":{"allow":["GET"]}}],"collection":[{"href":"https:\/\/vendorshop.rs\/index.php\/wp-json\/wp\/v2\/product"}],"about":[{"href":"https:\/\/vendorshop.rs\/index.php\/wp-json\/wp\/v2\/types\/product"}],"replies":[{"embeddable":true,"href":"https:\/\/vendorshop.rs\/index.php\/wp-json\/wp\/v2\/comments?post=10988"}],"version-history":[{"count":2,"href":"https:\/\/vendorshop.rs\/index.php\/wp-json\/wp\/v2\/product\/10988\/revisions"}],"predecessor-version":[{"id":10993,"href":"https:\/\/vendorshop.rs\/index.php\/wp-json\/wp\/v2\/product\/10988\/revisions\/10993"}],"wp:featuredmedia":[{"embeddable":true,"href":"https:\/\/vendorshop.rs\/index.php\/wp-json\/wp\/v2\/media\/10991"}],"wp:attachment":[{"href":"https:\/\/vendorshop.rs\/index.php\/wp-json\/wp\/v2\/media?parent=10988"}],"wp:term":[{"taxonomy":"product_brand","embeddable":true,"href":"https:\/\/vendorshop.rs\/index.php\/wp-json\/wp\/v2\/product_brand?post=10988"},{"taxonomy":"product_cat","embeddable":true,"href":"https:\/\/vendorshop.rs\/index.php\/wp-json\/wp\/v2\/product_cat?post=10988"},{"taxonomy":"product_tag","embeddable":true,"href":"https:\/\/vendorshop.rs\/index.php\/wp-json\/wp\/v2\/product_tag?post=10988"}],"curies":[{"name":"wp","href":"https:\/\/api.w.org\/{rel}","templated":true}]}}