{"id":11082,"date":"2026-03-24T08:28:37","date_gmt":"2026-03-24T08:28:37","guid":{"rendered":"https:\/\/vendorshop.rs\/?post_type=product&#038;p=11082"},"modified":"2026-03-24T08:28:40","modified_gmt":"2026-03-24T08:28:40","slug":"makaze-za-orezivanje-grana","status":"publish","type":"product","link":"https:\/\/vendorshop.rs\/index.php\/product\/makaze-za-orezivanje-grana\/","title":{"rendered":"Akumulatorske makaze za orezivanje grana i vo\u0107aka \u2013 set sa dve baterije"},"content":{"rendered":"<h2>Akumulatorske makaze za orezivanje grana i vo\u0107aka<\/h2>\n<article class=\"text-token-text-primary w-full\" dir=\"auto\" data-testid=\"conversation-turn-98\" data-scroll-anchor=\"true\">\n<div class=\"text-base my-auto mx-auto pb-10 [--thread-content-margin:--spacing(4)] @[37rem]:[--thread-content-margin:--spacing(6)] @[72rem]:[--thread-content-margin:--spacing(16)] px-(--thread-content-margin)\">\n<div class=\"[--thread-content-max-width:32rem] @[34rem]:[--thread-content-max-width:40rem] @[64rem]:[--thread-content-max-width:48rem] mx-auto flex max-w-(--thread-content-max-width) flex-1 text-base gap-4 md:gap-5 lg:gap-6 group\/turn-messages focus-visible:outline-hidden\" tabindex=\"-1\">\n<div class=\"group\/conversation-turn relative flex w-full min-w-0 flex-col agent-turn\">\n<div class=\"relative flex-col gap-1 md:gap-3\">\n<div class=\"flex max-w-full flex-col grow\">\n<div class=\"min-h-8 text-message relative flex w-full flex-col items-end gap-2 text-start break-words whitespace-normal [.text-message+&amp;]:mt-5\" dir=\"auto\" data-message-author-role=\"assistant\" data-message-id=\"31fbbb0e-1b33-4c4c-a44c-1611827e6da5\" data-message-model-slug=\"gpt-4o\">\n<div class=\"flex w-full flex-col gap-1 empty:hidden first:pt-[3px]\">\n<div class=\"markdown prose dark:prose-invert w-full break-words light\">\n<p data-start=\"521\" data-end=\"745\">Savr\u0161ena alatka za ljubitelje ba\u0161tovanstva i profesionalce \u2013 na\u0161e <strong data-start=\"587\" data-end=\"631\">akumulatorske makaze za orezivanje grana<\/strong> pru\u017eaju vrhunske performanse bez kablova, uz dodatnu fleksibilnost zahvaljuju\u0107i <strong data-start=\"712\" data-end=\"744\">dve 20\u202fV litijumske baterije<\/strong>.<\/p>\n<p data-start=\"747\" data-end=\"765\"><strong data-start=\"747\" data-end=\"765\">Key prednosti:<\/strong><\/p>\n<ul data-start=\"766\" data-end=\"1399\">\n<li data-start=\"766\" data-end=\"872\">\n<p data-start=\"768\" data-end=\"872\"><strong data-start=\"768\" data-end=\"795\">Tehnologija bez kablova<\/strong> \u2013 idealna za rad u vo\u0107njacima, vinogradima i ba\u0161tama bez ograni\u010denja kabela.<\/p>\n<\/li>\n<li data-start=\"873\" data-end=\"968\">\n<p data-start=\"875\" data-end=\"901\"><strong data-start=\"875\" data-end=\"901\">Dve baterije uklju\u010den:<\/strong><\/p>\n<ul data-start=\"904\" data-end=\"968\">\n<li data-start=\"904\" data-end=\"968\">\n<p data-start=\"906\" data-end=\"968\">Brzo zamenjive, pune se nezavisno i obezbe\u0111uju neprekidan rad.<\/p>\n<\/li>\n<\/ul>\n<\/li>\n<li data-start=\"969\" data-end=\"1101\">\n<p data-start=\"971\" data-end=\"1101\"><strong data-start=\"971\" data-end=\"999\">Visokokvalitetne o\u0161trice<\/strong>: precizno se\u010denje grana do 25\u202fmm debljine, olak\u0161ano zbog ergonomske ru\u010dke i niskog vibracionog nivoa.<\/p>\n<\/li>\n<li data-start=\"1102\" data-end=\"1192\">\n<p data-start=\"1104\" data-end=\"1192\"><strong data-start=\"1104\" data-end=\"1127\">Lagana konstrukcija<\/strong> \u2013 balansirana te\u017eina oko 1,2\u202fkg \u010dini rad prijatnim i bez zamora.<\/p>\n<\/li>\n<li data-start=\"1193\" data-end=\"1279\">\n<p data-start=\"1195\" data-end=\"1279\"><strong data-start=\"1195\" data-end=\"1219\">Jednostavna kontrola<\/strong> \u2013 prekida\u010d \u201cklizanja\u201d za glatki po\u010detak i sigurnu upotrebu.<\/p>\n<\/li>\n<li data-start=\"1280\" data-end=\"1399\">\n<p data-start=\"1282\" data-end=\"1399\"><strong data-start=\"1282\" data-end=\"1311\">Bezbednost na prvom mestu<\/strong> \u2013 za\u0161titni poklopac o\u0161trice, \u0161titnik protiv klizanja i indikator napunjenosti baterije.<\/p>\n<\/li>\n<\/ul>\n<p data-start=\"1401\" data-end=\"1419\"><strong data-start=\"1401\" data-end=\"1419\">Specifikacije:<\/strong><\/p>\n<div class=\"_tableContainer_80l1q_1\">\n<div class=\"_tableWrapper_80l1q_14 group flex w-fit flex-col-reverse\" tabindex=\"-1\">\n<table class=\"w-fit min-w-(--thread-content-width)\" data-start=\"1420\" data-end=\"1890\">\n<thead data-start=\"1420\" data-end=\"1477\">\n<tr data-start=\"1420\" data-end=\"1477\">\n<th data-start=\"1420\" data-end=\"1443\" data-col-size=\"sm\">Karakteristika<\/th>\n<th data-start=\"1443\" data-end=\"1477\" data-col-size=\"sm\">Detalj<\/th>\n<\/tr>\n<\/thead>\n<tbody data-start=\"1536\" data-end=\"1890\">\n<tr data-start=\"1536\" data-end=\"1593\">\n<td data-start=\"1536\" data-end=\"1559\" data-col-size=\"sm\">Napajanje<\/td>\n<td data-start=\"1559\" data-end=\"1593\" data-col-size=\"sm\">2 x 20\u202fV litijumske baterije<\/td>\n<\/tr>\n<tr data-start=\"1594\" data-end=\"1651\">\n<td data-start=\"1594\" data-end=\"1617\" data-col-size=\"sm\">Maks. pre\u010dnik se\u010denja<\/td>\n<td data-start=\"1617\" data-end=\"1651\" data-col-size=\"sm\">~25\u202fmm<\/td>\n<\/tr>\n<tr data-start=\"1652\" data-end=\"1709\">\n<td data-start=\"1652\" data-end=\"1675\" data-col-size=\"sm\">Te\u017eina<\/td>\n<td data-start=\"1675\" data-end=\"1709\" data-col-size=\"sm\">~1,2\u202fkg (bez baterija)<\/td>\n<\/tr>\n<tr data-start=\"1710\" data-end=\"1767\">\n<td data-start=\"1710\" data-end=\"1733\" data-col-size=\"sm\">Du\u017eina o\u0161trice<\/td>\n<td data-start=\"1733\" data-end=\"1767\" data-col-size=\"sm\">~8\u202fcm<\/td>\n<\/tr>\n<tr data-start=\"1768\" data-end=\"1825\">\n<td data-start=\"1768\" data-end=\"1791\" data-col-size=\"sm\">Radna temperatura<\/td>\n<td data-col-size=\"sm\" data-start=\"1791\" data-end=\"1825\">-10\u202f\u00b0C do +40\u202f\u00b0C<\/td>\n<\/tr>\n<tr data-start=\"1826\" data-end=\"1890\">\n<td data-start=\"1826\" data-end=\"1848\" data-col-size=\"sm\">Sigurnosne funkcije<\/td>\n<td data-start=\"1848\" data-end=\"1890\" data-col-size=\"sm\">Dvostruka za\u0161tita i indikator baterije<\/td>\n<\/tr>\n<\/tbody>\n<\/table>\n<div class=\"sticky end-(--thread-content-margin) h-0 self-end select-none\">\n<div class=\"absolute end-0 flex items-end\"><\/div>\n<\/div>\n<\/div>\n<\/div>\n<p data-start=\"1892\" data-end=\"1911\"><strong data-start=\"1892\" data-end=\"1911\">Komplet sadr\u017ei:<\/strong><\/p>\n<ul data-start=\"1912\" data-end=\"2068\">\n<li data-start=\"1912\" data-end=\"1940\">\n<p data-start=\"1914\" data-end=\"1940\">Aku makaze za orezivanje<\/p>\n<\/li>\n<li data-start=\"1941\" data-end=\"1973\">\n<p data-start=\"1943\" data-end=\"1973\">Dve 20\u202fV litijumske baterije<\/p>\n<\/li>\n<li data-start=\"1974\" data-end=\"1995\">\n<p data-start=\"1976\" data-end=\"1995\">Brzi USB-C punja\u010d<\/p>\n<\/li>\n<li data-start=\"1996\" data-end=\"2045\">\n<p data-start=\"1998\" data-end=\"2045\">Za\u0161titnu futrolu i sigurnosni \u0161titnik o\u0161trice<\/p>\n<\/li>\n<li data-start=\"2046\" data-end=\"2068\">\n<p data-start=\"2048\" data-end=\"2068\">Uputstvo za upotrebu<\/p>\n<\/li>\n<\/ul>\n<p data-start=\"2075\" data-end=\"2110\">\ud83d\udd39 <strong data-start=\"2078\" data-end=\"2108\">Za\u0161to izabrati ovaj model?<\/strong><\/p>\n<ul data-start=\"2111\" data-end=\"2299\">\n<li data-start=\"2111\" data-end=\"2165\">\n<p data-start=\"2113\" data-end=\"2165\">Pobolj\u0161ajte preciznost i brzinu u odr\u017eavanju ba\u0161te<\/p>\n<\/li>\n<li data-start=\"2166\" data-end=\"2207\">\n<p data-start=\"2168\" data-end=\"2207\">Dve baterije garantuju neprekidan rad<\/p>\n<\/li>\n<li data-start=\"2208\" data-end=\"2262\">\n<p data-start=\"2210\" data-end=\"2262\">Lagan i kompakatan, sa ergonomijom koja \u0161tedi ruke<\/p>\n<\/li>\n<li data-start=\"2263\" data-end=\"2299\">\n<p data-start=\"2265\" data-end=\"2299\">Bezbedan i jednostavan za upotrebu<\/p>\n<\/li>\n<\/ul>\n<p data-start=\"2306\" data-end=\"2540\"><br data-start=\"2320\" data-end=\"2323\" \/>Ovaj set aku makaza je idealan poklon za svakog ba\u0161tovana \u2013 profesionalca ili entuzijastu \u2013 koji \u017eeli da obavlja precizno orezivanje brzo, bez napora i bez kablova. Spreman za narud\u017ebu? Samo klikni i dodaj u korpu! \ud83c\udf3f<\/p>\n<\/div>\n<\/div>\n<\/div>\n<\/div>\n<\/div>\n<\/div>\n<\/div>\n<\/div>\n<\/article>\n","protected":false},"excerpt":{"rendered":"<p>Makaze za orezivanje su laki i sna\u017eni aku trimer za grane \u2013 precizno orezivanje vo\u0107aka, vinograda i \u017eivih ograda bez kablova. Dolazi sa dve baterije za du\u017ei rad i brzi zamenski radni vek.<\/p>\n","protected":false},"featured_media":11084,"comment_status":"open","ping_status":"closed","template":"","meta":[],"product_brand":[],"product_cat":[29,135],"product_tag":[],"class_list":{"0":"post-11082","1":"product","2":"type-product","3":"status-publish","4":"has-post-thumbnail","6":"product_cat-alati","7":"product_cat-dvoriste-i-basta","9":"first","10":"instock","11":"shipping-taxable","12":"purchasable","13":"product-type-simple"},"_links":{"self":[{"href":"https:\/\/vendorshop.rs\/index.php\/wp-json\/wp\/v2\/product\/11082","targetHints":{"allow":["GET"]}}],"collection":[{"href":"https:\/\/vendorshop.rs\/index.php\/wp-json\/wp\/v2\/product"}],"about":[{"href":"https:\/\/vendorshop.rs\/index.php\/wp-json\/wp\/v2\/types\/product"}],"replies":[{"embeddable":true,"href":"https:\/\/vendorshop.rs\/index.php\/wp-json\/wp\/v2\/comments?post=11082"}],"version-history":[{"count":1,"href":"https:\/\/vendorshop.rs\/index.php\/wp-json\/wp\/v2\/product\/11082\/revisions"}],"predecessor-version":[{"id":11085,"href":"https:\/\/vendorshop.rs\/index.php\/wp-json\/wp\/v2\/product\/11082\/revisions\/11085"}],"wp:featuredmedia":[{"embeddable":true,"href":"https:\/\/vendorshop.rs\/index.php\/wp-json\/wp\/v2\/media\/11084"}],"wp:attachment":[{"href":"https:\/\/vendorshop.rs\/index.php\/wp-json\/wp\/v2\/media?parent=11082"}],"wp:term":[{"taxonomy":"product_brand","embeddable":true,"href":"https:\/\/vendorshop.rs\/index.php\/wp-json\/wp\/v2\/product_brand?post=11082"},{"taxonomy":"product_cat","embeddable":true,"href":"https:\/\/vendorshop.rs\/index.php\/wp-json\/wp\/v2\/product_cat?post=11082"},{"taxonomy":"product_tag","embeddable":true,"href":"https:\/\/vendorshop.rs\/index.php\/wp-json\/wp\/v2\/product_tag?post=11082"}],"curies":[{"name":"wp","href":"https:\/\/api.w.org\/{rel}","templated":true}]}}