{"id":11190,"date":"2026-03-24T09:48:17","date_gmt":"2026-03-24T09:48:17","guid":{"rendered":"https:\/\/vendorshop.rs\/?post_type=product&#038;p=11190"},"modified":"2026-03-24T09:48:17","modified_gmt":"2026-03-24T09:48:17","slug":"tecna-guma-u-spreju","status":"publish","type":"product","link":"https:\/\/vendorshop.rs\/index.php\/product\/tecna-guma-u-spreju\/","title":{"rendered":"Te\u010dna guma u spreju \u2013 za\u0161tita, izolacija i vodootpornost u jednoj bo\u010dici &#8211; 450ml"},"content":{"rendered":"<h2 data-start=\"632\" data-end=\"691\">\ud83d\udee1\ufe0f Vi\u0161enamenska za\u0161tita \u2013 brzo, efikasno i dugotrajno<\/h2>\n<p data-start=\"693\" data-end=\"901\">Bilo da vam treba re\u0161enje za brtvljenje pukotina, za\u0161titu metala od korozije, sanaciju curenja ili jednostavno dodatna izolacija \u2013 <strong data-start=\"824\" data-end=\"847\">te\u010dna guma u spreju<\/strong> je proizvod koji \u0107e vas odu\u0161eviti svojom efikasno\u0161\u0107u.<\/p>\n<p data-start=\"903\" data-end=\"1082\">Ovaj inovativni sprej stvara <strong data-start=\"932\" data-end=\"973\">elasti\u010dan, nepropustan i otporan sloj<\/strong> koji se prilago\u0111ava povr\u0161ini i pru\u017ea dugotrajnu za\u0161titu od vlage, UV zra\u010denja, korozije, abrazije i habanja.<\/p>\n<h2 data-start=\"1089\" data-end=\"1135\">\ud83e\uddf0 <strong data-start=\"1096\" data-end=\"1135\">Gde se koristi te\u010dna guma u spreju?<\/strong><\/h2>\n<p data-start=\"1137\" data-end=\"1177\">Te\u010dna guma u spreju je savr\u0161en izbor za:<\/p>\n<ul data-start=\"1179\" data-end=\"1576\">\n<li data-start=\"1179\" data-end=\"1259\">\n<p data-start=\"1181\" data-end=\"1259\"><strong data-start=\"1181\" data-end=\"1214\">Zaptivanje pukotina i spojeva<\/strong> na krovovima, olukama, prozorima i vratima<\/p>\n<\/li>\n<li data-start=\"1260\" data-end=\"1335\">\n<p data-start=\"1262\" data-end=\"1335\"><strong data-start=\"1262\" data-end=\"1290\">Popravke na automobilima<\/strong>, uklju\u010duju\u0107i za\u0161titu blatobrana i podvozja<\/p>\n<\/li>\n<li data-start=\"1336\" data-end=\"1387\">\n<p data-start=\"1338\" data-end=\"1387\"><strong data-start=\"1338\" data-end=\"1385\">Izolaciju kablova i elektri\u010dnih instalacija<\/strong><\/p>\n<\/li>\n<li data-start=\"1388\" data-end=\"1451\">\n<p data-start=\"1390\" data-end=\"1451\"><strong data-start=\"1390\" data-end=\"1429\">Za\u0161titu drvenih i metalnih povr\u0161ina<\/strong> od vlage i korozije<\/p>\n<\/li>\n<li data-start=\"1452\" data-end=\"1512\">\n<p data-start=\"1454\" data-end=\"1512\"><strong data-start=\"1454\" data-end=\"1477\">Popravke u kupatilu<\/strong> \u2013 oko tu\u0161 kabina, lavaboa i kada<\/p>\n<\/li>\n<li data-start=\"1513\" data-end=\"1576\">\n<p data-start=\"1515\" data-end=\"1576\"><strong data-start=\"1515\" data-end=\"1537\">Zatvaranje curenja<\/strong> na crevima, cevima i ba\u0161tenskoj opremi<\/p>\n<\/li>\n<\/ul>\n<h2 data-start=\"1583\" data-end=\"1619\">\ud83d\udee0\ufe0f <strong data-start=\"1591\" data-end=\"1619\">Karakteristike proizvoda<\/strong><\/h2>\n<ul data-start=\"1621\" data-end=\"2041\">\n<li data-start=\"1621\" data-end=\"1687\">\n<p data-start=\"1623\" data-end=\"1687\">\u2705 Jednostavna primena \u2013 samo naprskajte i ostavite da se osu\u0161i<\/p>\n<\/li>\n<li data-start=\"1688\" data-end=\"1746\">\n<p data-start=\"1690\" data-end=\"1746\">\u2705 Stvara <strong data-start=\"1699\" data-end=\"1744\">vodootpornu, fleksibilnu i \u010dvrstu za\u0161titu<\/strong><\/p>\n<\/li>\n<li data-start=\"1747\" data-end=\"1816\">\n<p data-start=\"1749\" data-end=\"1816\">\u2705 Odli\u010dna <strong data-start=\"1759\" data-end=\"1814\">otpornost na UV zra\u010denje i visoke\/niske temperature<\/strong><\/p>\n<\/li>\n<li data-start=\"1817\" data-end=\"1914\">\n<p data-start=\"1819\" data-end=\"1914\">\u2705 Mo\u017ee se koristiti na: metalu, plastici, drvetu, betonu, PVC-u, staklu i drugim materijalima<\/p>\n<\/li>\n<li data-start=\"1915\" data-end=\"1986\">\n<p data-start=\"1917\" data-end=\"1986\">\u2705 Su\u0161i se brzo \u2013 ve\u0107 posle 20\u201330 minuta po\u010dinje proces u\u010dvr\u0161\u0107ivanja<\/p>\n<\/li>\n<li data-start=\"1987\" data-end=\"2041\">\n<p data-start=\"1989\" data-end=\"2041\">\u2705 Crna boja (ili siva \u2013 u zavisnosti od dostupnosti)<\/p>\n<\/li>\n<\/ul>\n<h2 data-start=\"2048\" data-end=\"2095\">\ud83e\uddea <strong data-start=\"2055\" data-end=\"2095\">Kako se koristi te\u010dna guma u spreju?<\/strong><\/h2>\n<ol data-start=\"2097\" data-end=\"2448\">\n<li data-start=\"2097\" data-end=\"2164\">\n<p data-start=\"2100\" data-end=\"2164\"><strong data-start=\"2100\" data-end=\"2123\">Pripremite povr\u0161inu<\/strong> \u2013 mora biti \u010dista, suva i bez masno\u0107e.<\/p>\n<\/li>\n<li data-start=\"2165\" data-end=\"2225\">\n<p data-start=\"2168\" data-end=\"2225\"><strong data-start=\"2168\" data-end=\"2195\">Dobro promu\u0107kajte sprej<\/strong> 30\u201360 sekundi pre upotrebe.<\/p>\n<\/li>\n<li data-start=\"2226\" data-end=\"2300\">\n<p data-start=\"2229\" data-end=\"2300\">Dr\u017eite bo\u010dicu na udaljenosti od oko 20 cm i ravnomerno nanosite sloj.<\/p>\n<\/li>\n<li data-start=\"2301\" data-end=\"2372\">\n<p data-start=\"2304\" data-end=\"2372\">Po potrebi, nanesite <strong data-start=\"2325\" data-end=\"2341\">vi\u0161e slojeva<\/strong> u razmacima od 15\u201330 minuta.<\/p>\n<\/li>\n<li data-start=\"2373\" data-end=\"2448\">\n<p data-start=\"2376\" data-end=\"2448\">Ostavite da se potpuno osu\u0161i (preporu\u010deno: 24h za maksimalnu otpornost).<\/p>\n<\/li>\n<\/ol>\n<h2 data-start=\"2455\" data-end=\"2490\">\ud83c\udfaf <strong data-start=\"2462\" data-end=\"2490\">Za\u0161to ba\u0161 ovaj proizvod?<\/strong><\/h2>\n<p data-start=\"2492\" data-end=\"2719\">\u2705 <strong data-start=\"2494\" data-end=\"2548\">Efikasno re\u0161enje za svakodnevne kvarove i probleme<\/strong><br data-start=\"2548\" data-end=\"2551\" \/>\u2705 <strong data-start=\"2553\" data-end=\"2593\">Bez potrebe za profesionalnom pomo\u0107i<\/strong><br data-start=\"2593\" data-end=\"2596\" \/>\u2705 <strong data-start=\"2598\" data-end=\"2654\">Vi\u0161estruka primena u ku\u0107i, radionici, gara\u017ei i ba\u0161ti<\/strong><br data-start=\"2654\" data-end=\"2657\" \/>\u2705 <strong data-start=\"2659\" data-end=\"2682\">\u0160tedi novac i vreme<\/strong> \u2013 nema vi\u0161e skupih popravki i zamena<\/p>\n<h2 data-start=\"2726\" data-end=\"2750\">\ud83d\udce6 <strong data-start=\"2733\" data-end=\"2750\">Specifikacija<\/strong><\/h2>\n<ul data-start=\"2752\" data-end=\"2959\">\n<li data-start=\"2752\" data-end=\"2772\">\n<p data-start=\"2754\" data-end=\"2772\">Koli\u010dina: 450 ml<\/p>\n<\/li>\n<li data-start=\"2773\" data-end=\"2810\">\n<p data-start=\"2775\" data-end=\"2810\">Boja: Crna (ili dostupna nijansa)<\/p>\n<\/li>\n<li data-start=\"2811\" data-end=\"2849\">\n<p data-start=\"2813\" data-end=\"2849\">Pogodna za: enterijer i eksterijer<\/p>\n<\/li>\n<li data-start=\"2850\" data-end=\"2892\">\n<p data-start=\"2852\" data-end=\"2892\">Temperaturna otpornost: -30\u00b0C do +80\u00b0C<\/p>\n<\/li>\n<li data-start=\"2893\" data-end=\"2959\">\n<p data-start=\"2895\" data-end=\"2959\">Vreme su\u0161enja: 20\u201330 min (na dodir); 24h za potpuno o\u010dvr\u0161\u0107avanje<\/p>\n<\/li>\n<\/ul>\n<h2 data-start=\"2966\" data-end=\"2995\">\ud83d\udca1 <strong data-start=\"2973\" data-end=\"2995\">Saveti za upotrebu<\/strong><\/h2>\n<ul data-start=\"2997\" data-end=\"3197\">\n<li data-start=\"2997\" data-end=\"3047\">\n<p data-start=\"2999\" data-end=\"3047\">Ne koristite po ki\u0161i ili pri visokoj vla\u017enosti<\/p>\n<\/li>\n<li data-start=\"3048\" data-end=\"3102\">\n<p data-start=\"3050\" data-end=\"3102\">Uvek testirajte na maloj povr\u0161ini pre ve\u0107e primene<\/p>\n<\/li>\n<li data-start=\"3103\" data-end=\"3154\">\n<p data-start=\"3105\" data-end=\"3154\">Za maksimalni efekat, nanesite najmanje 2 sloja<\/p>\n<\/li>\n<li data-start=\"3155\" data-end=\"3197\">\n<p data-start=\"3157\" data-end=\"3197\">Mo\u017ee se prefarbati kada se potpuno osu\u0161i<\/p>\n<\/li>\n<\/ul>\n<h2 data-start=\"3204\" data-end=\"3254\">\ud83c\udf81 <strong data-start=\"3211\" data-end=\"3254\">Savr\u0161en dodatak svakom domu i radionici<\/strong><\/h2>\n<p data-start=\"3256\" data-end=\"3412\">Te\u010dna guma u spreju je nezaobilazna u svakoj ku\u0107i, radionici ili gara\u017ei. Njena primena je toliko \u0161iroka da je jednom kada probate, vi\u0161e ne\u0107ete mo\u0107i bez nje!<\/p>\n","protected":false},"excerpt":{"rendered":"<p>Te\u010dna guma u spreju je vi\u0161enamensko sredstvo koje stvara elasti\u010dan, vodootporan i za\u0161titni sloj na razli\u010ditim povr\u0161inama. Idealna za popravke, izolaciju, za\u0161titu metala, plastike, drveta i jo\u0161 mnogo toga.<\/p>\n","protected":false},"featured_media":11191,"comment_status":"open","ping_status":"closed","template":"","meta":[],"product_brand":[],"product_cat":[29],"product_tag":[],"class_list":{"0":"post-11190","1":"product","2":"type-product","3":"status-publish","4":"has-post-thumbnail","6":"product_cat-alati","7":"pa_boje-bela","8":"pa_boje-crna","9":"pa_boje-siva","11":"first","12":"instock","13":"shipping-taxable","14":"purchasable","15":"product-type-variable"},"_links":{"self":[{"href":"https:\/\/vendorshop.rs\/index.php\/wp-json\/wp\/v2\/product\/11190","targetHints":{"allow":["GET"]}}],"collection":[{"href":"https:\/\/vendorshop.rs\/index.php\/wp-json\/wp\/v2\/product"}],"about":[{"href":"https:\/\/vendorshop.rs\/index.php\/wp-json\/wp\/v2\/types\/product"}],"replies":[{"embeddable":true,"href":"https:\/\/vendorshop.rs\/index.php\/wp-json\/wp\/v2\/comments?post=11190"}],"version-history":[{"count":2,"href":"https:\/\/vendorshop.rs\/index.php\/wp-json\/wp\/v2\/product\/11190\/revisions"}],"predecessor-version":[{"id":11199,"href":"https:\/\/vendorshop.rs\/index.php\/wp-json\/wp\/v2\/product\/11190\/revisions\/11199"}],"wp:featuredmedia":[{"embeddable":true,"href":"https:\/\/vendorshop.rs\/index.php\/wp-json\/wp\/v2\/media\/11191"}],"wp:attachment":[{"href":"https:\/\/vendorshop.rs\/index.php\/wp-json\/wp\/v2\/media?parent=11190"}],"wp:term":[{"taxonomy":"product_brand","embeddable":true,"href":"https:\/\/vendorshop.rs\/index.php\/wp-json\/wp\/v2\/product_brand?post=11190"},{"taxonomy":"product_cat","embeddable":true,"href":"https:\/\/vendorshop.rs\/index.php\/wp-json\/wp\/v2\/product_cat?post=11190"},{"taxonomy":"product_tag","embeddable":true,"href":"https:\/\/vendorshop.rs\/index.php\/wp-json\/wp\/v2\/product_tag?post=11190"}],"curies":[{"name":"wp","href":"https:\/\/api.w.org\/{rel}","templated":true}]}}