{"id":11255,"date":"2026-03-26T11:05:02","date_gmt":"2026-03-26T11:05:02","guid":{"rendered":"https:\/\/vendorshop.rs\/?post_type=product&#038;p=11255"},"modified":"2026-03-26T11:05:02","modified_gmt":"2026-03-26T11:05:02","slug":"elektronski-trener-za-pse-bezicni","status":"publish","type":"product","link":"https:\/\/vendorshop.rs\/index.php\/product\/elektronski-trener-za-pse-bezicni\/","title":{"rendered":"Elektronski trener za pse \u2013 Be\u017ei\u010dni ultrazvu\u010dni ure\u0111aj za kontrolu lajanja sa daljinskim upravljanjem"},"content":{"rendered":"<h3 data-start=\"246\" data-end=\"295\">Efikasna kontrola lajanja \u2013 bez \u0161oka i bola<\/h3>\n<p data-start=\"296\" data-end=\"333\"><span class=\"relative -mx-px my-[-0.2rem] rounded px-px py-[0.2rem] transition-colors duration-100 ease-in-out\">Ovaj <strong data-start=\"5\" data-end=\"33\">ultrazvu\u010dni pasji trener, Elektronski trener za pse<\/strong> koristi visokofrekventne tonove koje psi percipiraju, dok su ne\u010dujni ljudskom uhu. Kada pas laje, ure\u0111aj emituje signal koji odvla\u010di pa\u017enju i podsti\u010de ga da prestane. Ne radi na principu elektro-\u0161oka, \u0161to ga \u010dini humanim re\u0161enjem za uzgajiva\u010de i vlasnike.<\/span><\/p>\n<h3 data-start=\"335\" data-end=\"374\">Vi\u0161e na\u010dina treniranja i funkcija &#8211; Elektronski trener za pse<\/h3>\n<ul data-start=\"375\" data-end=\"498\">\n<li data-start=\"375\" data-end=\"416\">\n<p data-start=\"377\" data-end=\"416\"><span class=\"relative -mx-px my-[-0.2rem] rounded px-px py-[0.2rem] transition-colors duration-100 ease-in-out\"><strong data-start=\"0\" data-end=\"26\" data-is-only-node=\"\">Re\u017eim detekcije laje\u017ea<\/strong>: automatski prepoznaje lajanje i ispu\u0161ta ton<\/span><\/p>\n<\/li>\n<li data-start=\"417\" data-end=\"458\">\n<p data-start=\"419\" data-end=\"458\"><span class=\"relative -mx-px my-[-0.2rem] rounded px-px py-[0.2rem] transition-colors duration-100 ease-in-out\"><strong data-start=\"0\" data-end=\"42\" data-is-only-node=\"\">Ru\u010dno aktiviranje daljinskim kontrolom<\/strong>: korisno kada pas nije u zoni automatskog rada\u00a0<\/span><\/p>\n<\/li>\n<li data-start=\"459\" data-end=\"498\">\n<p data-start=\"461\" data-end=\"498\"><span class=\"relative -mx-px my-[-0.2rem] rounded px-px py-[0.2rem] transition-colors duration-100 ease-in-out\">Kodovi koji kombinuju signal i LED svetlo za dodatni efekat &#8211;\u00a0<\/span><\/p>\n<\/li>\n<\/ul>\n<h3 data-start=\"500\" data-end=\"533\">Dug radni vek i prenosivost<\/h3>\n<p data-start=\"534\" data-end=\"648\"><span class=\"relative -mx-px my-[-0.2rem] rounded px-px py-[0.2rem] transition-colors duration-100 ease-in-out\">Elektronski trener za pse poseduje <strong data-start=\"16\" data-end=\"36\">punjivu bateriju<\/strong> (npr. 2000\u202fmAh), sa autonomijom do nekoliko meseci u stand-by re\u017eimu i vi\u0161emese\u010dnim trajanjem pri redovnoj upotrebi<\/span>. <span class=\"relative -mx-px my-[-0.2rem] rounded px-px py-[0.2rem] transition-colors duration-100 ease-in-out\">Kompaktan je i lagan \u2014 lako ga je nositi u ruci dok trenirate psa kod ku\u0107e ili napolju.<\/span><\/p>\n<h3 data-start=\"650\" data-end=\"686\">Sigurnost i pogodnost upotrebe<\/h3>\n<p data-start=\"687\" data-end=\"848\"><span class=\"relative -mx-px my-[-0.2rem] rounded px-px py-[0.2rem] transition-colors duration-100 ease-in-out\">Ure\u0111aj je izdr\u017eljiv, vodootporan (nivo IPX4) i dovoljno precizan za kori\u0161\u0107enje na otvorenom i u ku\u0107i.<\/span>\u00a0<span class=\"relative -mx-px my-[-0.2rem] rounded px-px py-[0.2rem] transition-colors duration-100 ease-in-out\">Posti\u017ee direktno dejstvo do raspona od oko 10\u202fm (35 ft) uz dualni ultrazvu\u010dni senzor ili ru\u010dni re\u017eim s LED svetlom za dodatnu stimulaciju i signalizaciju<\/span><\/p>\n<h3 data-start=\"850\" data-end=\"888\">Za koga je namenjen ovaj ure\u0111aj?<\/h3>\n<ul data-start=\"889\" data-end=\"1062\">\n<li data-start=\"889\" data-end=\"932\">\n<p data-start=\"891\" data-end=\"932\"><span class=\"relative -mx-px my-[-0.2rem] rounded px-px py-[0.2rem] transition-colors duration-100 ease-in-out\">Vlasnicima petlji \u017eele kontrolu nad lajajem<\/span><\/p>\n<\/li>\n<li data-start=\"933\" data-end=\"976\">\n<p data-start=\"935\" data-end=\"976\"><span class=\"relative -mx-px my-[-0.2rem] rounded px-px py-[0.2rem] transition-colors duration-100 ease-in-out\">Trenerima pasa koji koriste humane metode<\/span><\/p>\n<\/li>\n<li data-start=\"977\" data-end=\"1020\">\n<p data-start=\"979\" data-end=\"1020\"><span class=\"relative -mx-px my-[-0.2rem] rounded px-px py-[0.2rem] transition-colors duration-100 ease-in-out\">Onima koji ne \u017eele da koriste trener kese ili \u0161ok ogrlice<\/span><\/p>\n<\/li>\n<li data-start=\"1021\" data-end=\"1062\">\n<p data-start=\"1023\" data-end=\"1062\"><span class=\"relative -mx-px my-[-0.2rem] rounded px-px py-[0.2rem] transition-colors duration-100 ease-in-out\">Idealno za manje i srednje pse do sna\u017enih glasova<\/span><\/p>\n<\/li>\n<\/ul>\n<h2 data-start=\"1069\" data-end=\"1100\">\ud83d\udd27 Karakteristike proizvoda:<\/h2>\n<ul data-start=\"1102\" data-end=\"1447\">\n<li data-start=\"1102\" data-end=\"1145\">\n<p data-start=\"1104\" data-end=\"1145\"><span class=\"relative -mx-px my-[-0.2rem] rounded px-px py-[0.2rem] transition-colors duration-100 ease-in-out\"><strong data-start=\"0\" data-end=\"28\" data-is-only-node=\"\">Ultrazvu\u010dno kontrolisano<\/strong> pona\u0161anje bez bola<\/span><\/p>\n<\/li>\n<li data-start=\"1146\" data-end=\"1189\">\n<p data-start=\"1148\" data-end=\"1189\"><span class=\"relative -mx-px my-[-0.2rem] rounded px-px py-[0.2rem] transition-colors duration-100 ease-in-out\"><strong data-start=\"0\" data-end=\"10\" data-is-only-node=\"\">Raspon<\/strong>: do 10\u202fm automatski, manualno i dalje<\/span><\/p>\n<\/li>\n<li data-start=\"1190\" data-end=\"1233\">\n<p data-start=\"1192\" data-end=\"1233\"><span class=\"relative -mx-px my-[-0.2rem] rounded px-px py-[0.2rem] transition-colors duration-100 ease-in-out\"><strong data-start=\"0\" data-end=\"12\" data-is-only-node=\"\">Dva moda<\/strong>: automatski senzor i daljinski aktivator<\/span><\/p>\n<\/li>\n<li data-start=\"1234\" data-end=\"1317\">\n<p data-start=\"1236\" data-end=\"1317\"><span class=\"relative -mx-px my-[-0.2rem] rounded px-px py-[0.2rem] transition-colors duration-100 ease-in-out\"><strong data-start=\"0\" data-end=\"12\" data-is-only-node=\"\">Punjenje<\/strong>: USB punjenje, dugotrajna baterija (meseci upotrebe)<\/span><\/p>\n<\/li>\n<li data-start=\"1318\" data-end=\"1359\">\n<p data-start=\"1320\" data-end=\"1359\"><strong data-start=\"1320\" data-end=\"1350\">Otporan na vodu i prskanje<\/strong> (IPX4)<\/p>\n<\/li>\n<li data-start=\"1360\" data-end=\"1409\">\n<p data-start=\"1362\" data-end=\"1409\"><strong data-start=\"1362\" data-end=\"1376\">LED signal<\/strong> kao dopuna ultrazvu\u010dnom efektu<\/p>\n<\/li>\n<li data-start=\"1410\" data-end=\"1447\">\n<p data-start=\"1412\" data-end=\"1447\"><strong data-start=\"1412\" data-end=\"1447\">Lagana i kompaktna konstrukcija<\/strong><\/p>\n<\/li>\n<\/ul>\n","protected":false},"excerpt":{"rendered":"<p><span class=\"relative -mx-px my-[-0.2rem] rounded px-px py-[0.2rem] transition-colors duration-100 ease-in-out\">Humani ultrazvu\u010dni silencer za pse koji zaustavlja lajanje na daljinu (do 10\u202fm). Be\u017ei\u010dno, bezbolno i efikasno, idealno za ku\u0107nu upotrebu i treniranje osnovnog pona\u0161anja.<\/span><\/p>\n","protected":false},"featured_media":11257,"comment_status":"open","ping_status":"closed","template":"","meta":[],"product_brand":[],"product_cat":[234],"product_tag":[],"class_list":{"0":"post-11255","1":"product","2":"type-product","3":"status-publish","4":"has-post-thumbnail","6":"product_cat-sve-za-kucne-ljubimce","8":"first","9":"instock","10":"shipping-taxable","11":"purchasable","12":"product-type-simple"},"_links":{"self":[{"href":"https:\/\/vendorshop.rs\/index.php\/wp-json\/wp\/v2\/product\/11255","targetHints":{"allow":["GET"]}}],"collection":[{"href":"https:\/\/vendorshop.rs\/index.php\/wp-json\/wp\/v2\/product"}],"about":[{"href":"https:\/\/vendorshop.rs\/index.php\/wp-json\/wp\/v2\/types\/product"}],"replies":[{"embeddable":true,"href":"https:\/\/vendorshop.rs\/index.php\/wp-json\/wp\/v2\/comments?post=11255"}],"version-history":[{"count":1,"href":"https:\/\/vendorshop.rs\/index.php\/wp-json\/wp\/v2\/product\/11255\/revisions"}],"predecessor-version":[{"id":11258,"href":"https:\/\/vendorshop.rs\/index.php\/wp-json\/wp\/v2\/product\/11255\/revisions\/11258"}],"wp:featuredmedia":[{"embeddable":true,"href":"https:\/\/vendorshop.rs\/index.php\/wp-json\/wp\/v2\/media\/11257"}],"wp:attachment":[{"href":"https:\/\/vendorshop.rs\/index.php\/wp-json\/wp\/v2\/media?parent=11255"}],"wp:term":[{"taxonomy":"product_brand","embeddable":true,"href":"https:\/\/vendorshop.rs\/index.php\/wp-json\/wp\/v2\/product_brand?post=11255"},{"taxonomy":"product_cat","embeddable":true,"href":"https:\/\/vendorshop.rs\/index.php\/wp-json\/wp\/v2\/product_cat?post=11255"},{"taxonomy":"product_tag","embeddable":true,"href":"https:\/\/vendorshop.rs\/index.php\/wp-json\/wp\/v2\/product_tag?post=11255"}],"curies":[{"name":"wp","href":"https:\/\/api.w.org\/{rel}","templated":true}]}}