{"id":11268,"date":"2026-03-26T11:13:27","date_gmt":"2026-03-26T11:13:27","guid":{"rendered":"https:\/\/vendorshop.rs\/?post_type=product&#038;p=11268"},"modified":"2026-03-26T11:13:27","modified_gmt":"2026-03-26T11:13:27","slug":"ultrazvucni-terac-pasa-samoodbrana","status":"publish","type":"product","link":"https:\/\/vendorshop.rs\/index.php\/product\/ultrazvucni-terac-pasa-samoodbrana\/","title":{"rendered":"Ultrazvu\u010dni tera\u010d pasa \u2013 Samoodbrana i osvetljenje u jednom ure\u0111aju"},"content":{"rendered":"<p data-start=\"256\" data-end=\"666\"><strong data-start=\"422\" data-end=\"448\">Ultrazvu\u010dni tera\u010d pasa<\/strong> je jednostavno i efikasno re\u0161enje koje pru\u017ea za\u0161titu protiv agresivnih pasa, bez nasilja. Zahvaljuju\u0107i sna\u017enom ultrazvuku i LED svetlu, ovaj ure\u0111aj omogu\u0107ava da brzo i bezbedno oterate psa ili drugu \u017eivotinju \u2013 i to na potpuno human na\u010din.<\/p>\n<h2 data-start=\"673\" data-end=\"698\">3 u 1 funkcionalnost<\/h2>\n<p data-start=\"700\" data-end=\"779\">Ultrazvu\u010dni tera\u010d pasa kombinuje tri re\u017eima rada u jednom prakti\u010dnom ure\u0111aju:<\/p>\n<ul data-start=\"781\" data-end=\"1097\">\n<li data-start=\"781\" data-end=\"867\">\n<p data-start=\"783\" data-end=\"867\"><strong data-start=\"783\" data-end=\"801\">Light (Svetlo)<\/strong> \u2013 Koristite ga kao obi\u010dnu baterijsku lampu tokom no\u0107nih \u0161etnji.<\/p>\n<\/li>\n<li data-start=\"868\" data-end=\"964\">\n<p data-start=\"870\" data-end=\"964\"><strong data-start=\"870\" data-end=\"889\">Train (Trening)<\/strong> \u2013 Aktiviranjem ultrazvuka mo\u017eete efikasno i bezbolno trenirati svog psa.<\/p>\n<\/li>\n<li data-start=\"965\" data-end=\"1097\">\n<p data-start=\"967\" data-end=\"1097\"><strong data-start=\"967\" data-end=\"989\">Chaser (Odbijanje)<\/strong> \u2013 Uklju\u010duje ultrazvuk visokog intenziteta (do 130 dB) i trep\u0107u\u0107e LED svetlo za odbijanje agresivnih pasa.<\/p>\n<\/li>\n<\/ul>\n<h2 data-start=\"1104\" data-end=\"1132\">Ultrazvu\u010dni tera\u010d pasa &#8211; Tehni\u010dke karakteristike<\/h2>\n<ul data-start=\"1134\" data-end=\"1395\">\n<li data-start=\"1134\" data-end=\"1155\">\n<p data-start=\"1136\" data-end=\"1155\"><strong data-start=\"1136\" data-end=\"1146\">Model:<\/strong> MT-650<\/p>\n<\/li>\n<li data-start=\"1156\" data-end=\"1194\">\n<p data-start=\"1158\" data-end=\"1194\"><strong data-start=\"1158\" data-end=\"1172\">Materijal:<\/strong> kvalitetna plastika<\/p>\n<\/li>\n<li data-start=\"1195\" data-end=\"1213\">\n<p data-start=\"1197\" data-end=\"1213\"><strong data-start=\"1197\" data-end=\"1206\">Boja:<\/strong> crna<\/p>\n<\/li>\n<li data-start=\"1214\" data-end=\"1263\">\n<p data-start=\"1216\" data-end=\"1263\"><strong data-start=\"1216\" data-end=\"1230\">Napajanje:<\/strong> 1\u00d79V baterija (nije uklju\u010dena)<\/p>\n<\/li>\n<li data-start=\"1264\" data-end=\"1300\">\n<p data-start=\"1266\" data-end=\"1300\"><strong data-start=\"1266\" data-end=\"1288\">Ja\u010dina ultrazvuka:<\/strong> do 130 dB<\/p>\n<\/li>\n<li data-start=\"1301\" data-end=\"1336\">\n<p data-start=\"1303\" data-end=\"1336\"><strong data-start=\"1303\" data-end=\"1321\">Domet dejstva:<\/strong> do 20 metara<\/p>\n<\/li>\n<li data-start=\"1337\" data-end=\"1395\">\n<p data-start=\"1339\" data-end=\"1395\"><strong data-start=\"1339\" data-end=\"1353\">Dimenzije:<\/strong> kompaktan, lagan i prakti\u010dan za no\u0161enje<\/p>\n<\/li>\n<\/ul>\n<h2 data-start=\"1715\" data-end=\"1760\">Kako funkcioni\u0161e ovaj ure\u0111aj?<\/h2>\n<p data-start=\"1781\" data-end=\"2015\">Ure\u0111aj emituje <strong data-start=\"1796\" data-end=\"1828\">ultrazvuk visoke frekvencije<\/strong> neprijatan za pse, u kombinaciji sa <strong data-start=\"1865\" data-end=\"1890\">trep\u0107u\u0107im LED svetlom<\/strong>. Ovaj spoj stimuli\u0161e \u017eivotinju i primorava je da se udalji, \u010dime korisnik dobija dragocene sekunde za bezbedno reagovanje. Pro\u010ditajte kako se koristi:<\/p>\n<ol data-start=\"2038\" data-end=\"2251\">\n<li data-start=\"2038\" data-end=\"2072\">\n<p data-start=\"2041\" data-end=\"2072\">Ubacite 9V bateriju u ure\u0111aj.<\/p>\n<\/li>\n<li data-start=\"2073\" data-end=\"2124\">\n<p data-start=\"2076\" data-end=\"2124\">Izaberite re\u017eim rada: Light, Train ili Chaser.<\/p>\n<\/li>\n<li data-start=\"2125\" data-end=\"2171\">\n<p data-start=\"2128\" data-end=\"2171\">Pritisnite \u201eON\u201c i usmerite ure\u0111aj ka psu.<\/p>\n<\/li>\n<li data-start=\"2172\" data-end=\"2251\">\n<p data-start=\"2175\" data-end=\"2251\">Kod re\u017eima \u201eChaser\u201c, preporu\u010duje se upotreba od 3\u20135 sekundi po aktivaciji.<\/p>\n<\/li>\n<\/ol>\n<h2 data-start=\"104\" data-end=\"143\">Prednosti ultrazvu\u010dnog tera\u010da pasa<\/h2>\n<p data-start=\"145\" data-end=\"355\"><strong data-start=\"145\" data-end=\"171\">Ultrazvu\u010dni tera\u010d pasa<\/strong> pru\u017ea potpunu za\u0161titu bez \u0161tete za \u017eivotinje, \u0161to ga \u010dini humanim i bezopasnim re\u0161enjem. Njegova primena omogu\u0107ava da se ose\u0107ate sigurno, bez upotrebe nasilja ili fizi\u010dkog kontakta. Ovaj ure\u0111aj ima domet do 20 metara, \u0161to zna\u010di da mo\u017eete reagovati na vreme i dr\u017eati potencijalno opasne pse na bezbednoj udaljenosti.<\/p>\n<p data-start=\"145\" data-end=\"355\">Sa tri razli\u010dita re\u017eima rada \u2013 svetlo, trening i odbijanje \u2013 lako prilago\u0111avate upotrebu situaciji u kojoj se nalazite. Kompaktan i lagan, <strong>ultrazvu\u010dni tera\u010d pasa<\/strong> je jednostavan za no\u0161enje i upotrebu, pa ga mo\u017eete imati u d\u017eepu ili torbi, spremnog za svaku \u0161etnju, trening ili teren.<\/p>\n<h3 data-start=\"2258\" data-end=\"2277\">Va\u017ene napomene<\/h3>\n<ul data-start=\"2279\" data-end=\"2586\">\n<li data-start=\"2279\" data-end=\"2340\">\n<p data-start=\"2281\" data-end=\"2340\">Ne koristite ure\u0111aj na sopstvenim ljubimcima bez potrebe.<\/p>\n<\/li>\n<li data-start=\"2341\" data-end=\"2411\">\n<p data-start=\"2343\" data-end=\"2411\">Efekat mo\u017ee biti slabiji kod dresiranih pasa u prisustvu vlasnika.<\/p>\n<\/li>\n<li data-start=\"2412\" data-end=\"2488\">\n<p data-start=\"2414\" data-end=\"2488\">Kada se ne koristi, prebacite prekida\u010d na \u201eChaser\u201c da u\u0161tedite bateriju.<\/p>\n<\/li>\n<li data-start=\"2489\" data-end=\"2542\">\n<p data-start=\"2491\" data-end=\"2542\">Nemojte usmeravati ultrazvuk direktno ka ljudima.<\/p>\n<\/li>\n<li data-start=\"2543\" data-end=\"2586\">\n<p data-start=\"2545\" data-end=\"2586\">Uvek imajte rezervnu bateriju pri ruci.<\/p>\n<\/li>\n<\/ul>\n","protected":false},"excerpt":{"rendered":"<p>Za\u0161titite se od agresivnih pasa i vukova pomo\u0107u prakti\u010dnog ultrazvu\u010dnog ure\u0111aja za samoodbranu. Opremljen sna\u017enim LED svetlom i tri funkcije: obuka, odbijanje i osvetljenje \u2013 idealan za \u0161eta\u010de, bicikliste i dostavlja\u010de.<\/p>\n","protected":false},"featured_media":11273,"comment_status":"open","ping_status":"closed","template":"","meta":[],"product_brand":[],"product_cat":[234],"product_tag":[],"class_list":{"0":"post-11268","1":"product","2":"type-product","3":"status-publish","4":"has-post-thumbnail","6":"product_cat-sve-za-kucne-ljubimce","8":"first","9":"instock","10":"shipping-taxable","11":"purchasable","12":"product-type-simple"},"_links":{"self":[{"href":"https:\/\/vendorshop.rs\/index.php\/wp-json\/wp\/v2\/product\/11268","targetHints":{"allow":["GET"]}}],"collection":[{"href":"https:\/\/vendorshop.rs\/index.php\/wp-json\/wp\/v2\/product"}],"about":[{"href":"https:\/\/vendorshop.rs\/index.php\/wp-json\/wp\/v2\/types\/product"}],"replies":[{"embeddable":true,"href":"https:\/\/vendorshop.rs\/index.php\/wp-json\/wp\/v2\/comments?post=11268"}],"version-history":[{"count":2,"href":"https:\/\/vendorshop.rs\/index.php\/wp-json\/wp\/v2\/product\/11268\/revisions"}],"predecessor-version":[{"id":11275,"href":"https:\/\/vendorshop.rs\/index.php\/wp-json\/wp\/v2\/product\/11268\/revisions\/11275"}],"wp:featuredmedia":[{"embeddable":true,"href":"https:\/\/vendorshop.rs\/index.php\/wp-json\/wp\/v2\/media\/11273"}],"wp:attachment":[{"href":"https:\/\/vendorshop.rs\/index.php\/wp-json\/wp\/v2\/media?parent=11268"}],"wp:term":[{"taxonomy":"product_brand","embeddable":true,"href":"https:\/\/vendorshop.rs\/index.php\/wp-json\/wp\/v2\/product_brand?post=11268"},{"taxonomy":"product_cat","embeddable":true,"href":"https:\/\/vendorshop.rs\/index.php\/wp-json\/wp\/v2\/product_cat?post=11268"},{"taxonomy":"product_tag","embeddable":true,"href":"https:\/\/vendorshop.rs\/index.php\/wp-json\/wp\/v2\/product_tag?post=11268"}],"curies":[{"name":"wp","href":"https:\/\/api.w.org\/{rel}","templated":true}]}}