{"id":11294,"date":"2026-03-26T11:24:45","date_gmt":"2026-03-26T11:24:45","guid":{"rendered":"https:\/\/vendorshop.rs\/?post_type=product&#038;p=11294"},"modified":"2026-03-26T11:24:45","modified_gmt":"2026-03-26T11:24:45","slug":"led-reflektor-sa-daljinskim-500-w","status":"publish","type":"product","link":"https:\/\/vendorshop.rs\/index.php\/product\/led-reflektor-sa-daljinskim-500-w\/","title":{"rendered":"Solarni LED reflektor sa daljinskim upravlja\u010dem \u2013 500\u202fW mo\u0107no osvetljenje za ba\u0161tu i dvori\u0161te"},"content":{"rendered":"<h2 data-start=\"252\" data-end=\"329\">Efikasna solarna rasveta sa senzorom pokreta i daljinskim upravlja\u010dem<\/h2>\n<p data-start=\"331\" data-end=\"407\"><span class=\"relative -mx-px my-[-0.2rem] rounded px-px py-[0.2rem] transition-colors duration-100 ease-in-out\">U\u017eivajte u modernom i ekonomi\u010dnom osvetljenju \u2013 ovaj <strong data-start=\"53\" data-end=\"75\">solarno LED svetlo<\/strong> koristi sun\u010devu energiju i elimini\u0161e potrebu za strujom. Uz <strong data-start=\"136\" data-end=\"159\">daljinski upravlja\u010d<\/strong>, mo\u0107 od 500\u202fW i poda\u0161en PIR senzor pokreta, osigurava bezbednost i komfor, a istovremeno \u0161tedi do 100\u202f% energije<\/span><\/p>\n<h2 data-start=\"414\" data-end=\"455\">Glavne prednosti i karakteristike za LED reflektor<\/h2>\n<h3 data-start=\"457\" data-end=\"507\">Mo\u0107no osvetljenje koje pokriva do 80\u202fm\u00b2<\/h3>\n<p data-start=\"508\" data-end=\"584\"><span class=\"relative -mx-px my-[-0.2rem] rounded px-px py-[0.2rem] transition-colors duration-100 ease-in-out\">LED reflektor koristi <strong data-start=\"10\" data-end=\"32\">5730 SMD LED diode<\/strong> visokog sjaja, reflektor obasjava povr\u0161ine od do 60\u201380\u202fm\u00b2 pod uglom od 120\u00b0<\/span> .<\/p>\n<h3 data-start=\"586\" data-end=\"620\">Inteligentni PIR senzor<\/h3>\n<p data-start=\"621\" data-end=\"697\"><span class=\"relative -mx-px my-[-0.2rem] rounded px-px py-[0.2rem] transition-colors duration-100 ease-in-out\">Dirigujete osvetljenje automatski \u2013 svetlo senzorom pokreta prelazi na 100\u202f%, a nakon 2\u201330 sekundi prelazi na u\u0161tede re\u017eim 30\u202f% intenziteta<\/span> .<\/p>\n<h3 data-start=\"699\" data-end=\"729\">Daljinski upravlja\u010d<\/h3>\n<p data-start=\"730\" data-end=\"767\"><span class=\"relative -mx-px my-[-0.2rem] rounded px-px py-[0.2rem] transition-colors duration-100 ease-in-out\">Mogu\u0107nost upravljanja iz udobnosti doma: uklju\u010divanje\/isklju\u010divanje, pode\u0161avanje senzora i re\u017eima rada dodatno olak\u0161ava upotrebu.<\/span><\/p>\n<h3 data-start=\"769\" data-end=\"815\">Solarno napajanje i velika baterija<\/h3>\n<ul data-start=\"816\" data-end=\"983\">\n<li data-start=\"816\" data-end=\"857\">\n<p data-start=\"818\" data-end=\"857\"><span class=\"relative -mx-px my-[-0.2rem] rounded px-px py-[0.2rem] transition-colors duration-100 ease-in-out\">Solarni panel: polikristalna plo\u010da od 6\u202fV<\/span><\/p>\n<\/li>\n<li data-start=\"858\" data-end=\"901\">\n<p data-start=\"860\" data-end=\"901\"><span class=\"relative -mx-px my-[-0.2rem] rounded px-px py-[0.2rem] transition-colors duration-100 ease-in-out\">Baterija: litijum\u2011ionska 3.2\u202fV \/ 6000\u20137000\u202fmAh<\/span><\/p>\n<\/li>\n<li data-start=\"902\" data-end=\"983\">\n<p data-start=\"904\" data-end=\"983\"><span class=\"relative -mx-px my-[-0.2rem] rounded px-px py-[0.2rem] transition-colors duration-100 ease-in-out\">Radno vreme: punjenje na suncu 6\u20138 sati, osvetljenje cele no\u0107i<\/span><\/p>\n<\/li>\n<\/ul>\n<h3 data-start=\"985\" data-end=\"1014\">Vodootpornost IP65<\/h3>\n<p data-start=\"1015\" data-end=\"1095\"><span class=\"relative -mx-px my-[-0.2rem] rounded px-px py-[0.2rem] transition-colors duration-100 ease-in-out\">Izdr\u017eava ki\u0161u, pra\u0161inu i temperature od -20\u202f\u00b0C do +40\u202f\u00b0C, zahvaljuju\u0107i kvalitetnoj ABS + PC konstrukciji i dodatnoj za\u0161titi za baterije i kontroler<\/span><\/p>\n<h2 data-start=\"1102\" data-end=\"1132\">Tehni\u010dke specifikacije<\/h2>\n<div class=\"_tableContainer_80l1q_1\">\n<div class=\"_tableWrapper_80l1q_14 group flex w-fit flex-col-reverse\" tabindex=\"-1\">\n<table class=\"w-fit min-w-(--thread-content-width)\" data-start=\"1134\" data-end=\"2127\">\n<thead data-start=\"1134\" data-end=\"1209\">\n<tr data-start=\"1134\" data-end=\"1209\">\n<th data-start=\"1134\" data-end=\"1161\" data-col-size=\"sm\">Karakteristika<\/th>\n<th data-start=\"1161\" data-end=\"1209\" data-col-size=\"md\">Detalji<\/th>\n<\/tr>\n<\/thead>\n<tbody data-start=\"1287\" data-end=\"2127\">\n<tr data-start=\"1287\" data-end=\"1363\">\n<td data-start=\"1287\" data-end=\"1314\" data-col-size=\"sm\">Snaga<\/td>\n<td data-start=\"1314\" data-end=\"1363\" data-col-size=\"md\">500\u202fW<\/td>\n<\/tr>\n<tr data-start=\"1364\" data-end=\"1439\">\n<td data-start=\"1364\" data-end=\"1391\" data-col-size=\"sm\">LED izvor<\/td>\n<td data-start=\"1391\" data-end=\"1439\" data-col-size=\"md\">5730 SMD, temperatura boje 6500\u202fK<\/td>\n<\/tr>\n<tr data-start=\"1440\" data-end=\"1519\">\n<td data-start=\"1440\" data-end=\"1471\" data-col-size=\"sm\">Domet<\/td>\n<td data-start=\"1471\" data-end=\"1519\" data-col-size=\"md\">do 120\u00b0 ugao pokrivanja, povr\u0161ina 60\u201380\u202fm\u00b2<\/td>\n<\/tr>\n<tr data-start=\"1520\" data-end=\"1594\">\n<td data-start=\"1520\" data-end=\"1547\" data-col-size=\"sm\">Materijal<\/td>\n<td data-start=\"1547\" data-end=\"1594\" data-col-size=\"md\">ABS + PC plastika<\/td>\n<\/tr>\n<tr data-start=\"1595\" data-end=\"1670\">\n<td data-start=\"1595\" data-end=\"1622\" data-col-size=\"sm\">Solarni panel<\/td>\n<td data-start=\"1622\" data-end=\"1670\" data-col-size=\"md\">6\u202fV polikristalna plo\u010da<\/td>\n<\/tr>\n<tr data-start=\"1671\" data-end=\"1746\">\n<td data-start=\"1671\" data-end=\"1698\" data-col-size=\"sm\">Baterija<\/td>\n<td data-start=\"1698\" data-end=\"1746\" data-col-size=\"md\">3.2\u202fV \/ 6000\u20137000\u202fmAh<\/td>\n<\/tr>\n<tr data-start=\"1747\" data-end=\"1821\">\n<td data-start=\"1747\" data-end=\"1774\" data-col-size=\"sm\">Re\u017eimi rada<\/td>\n<td data-start=\"1774\" data-end=\"1821\" data-col-size=\"md\">Daljinski, PIR senzor, u\u0161teda \/ puna snaga<\/td>\n<\/tr>\n<tr data-start=\"1822\" data-end=\"1898\">\n<td data-start=\"1822\" data-end=\"1849\" data-col-size=\"sm\">Vodootpornost<\/td>\n<td data-col-size=\"md\" data-start=\"1849\" data-end=\"1898\">IP65<\/td>\n<\/tr>\n<tr data-start=\"1899\" data-end=\"1975\">\n<td data-start=\"1899\" data-end=\"1926\" data-col-size=\"sm\">Radna temperatura<\/td>\n<td data-start=\"1926\" data-end=\"1975\" data-col-size=\"md\">-20\u202f\u00b0C\u00a0\u2013\u00a0+40\u202f\u00b0C<\/td>\n<\/tr>\n<tr data-start=\"1976\" data-end=\"2051\">\n<td data-start=\"1976\" data-end=\"2003\" data-col-size=\"sm\">Dimenzije<\/td>\n<td data-start=\"2003\" data-end=\"2051\" data-col-size=\"md\">153\u202f\u00d7\u202f500\u202fmm (gornja konf.)<\/td>\n<\/tr>\n<tr data-start=\"2052\" data-end=\"2127\">\n<td data-start=\"2052\" data-end=\"2079\" data-col-size=\"sm\">Instalacija<\/td>\n<td data-start=\"2079\" data-end=\"2127\" data-col-size=\"md\">Zid\/stub, bez kablova<\/td>\n<\/tr>\n<\/tbody>\n<\/table>\n<div class=\"sticky end-(--thread-content-margin) h-0 self-end select-none\">\n<div class=\"absolute end-0 flex items-end\"><\/div>\n<\/div>\n<\/div>\n<\/div>\n<h2 data-start=\"2134\" data-end=\"2171\">Gde koristiti ovaj reflektor?<\/h2>\n<ul data-start=\"2173\" data-end=\"2293\">\n<li data-start=\"2173\" data-end=\"2203\">\n<p data-start=\"2175\" data-end=\"2203\">\u2705 Dvori\u0161ta, ba\u0161te, prilazi<\/p>\n<\/li>\n<li data-start=\"2204\" data-end=\"2224\">\n<p data-start=\"2206\" data-end=\"2224\">\u2705 Terase i ulazi<\/p>\n<\/li>\n<li data-start=\"2225\" data-end=\"2261\">\n<p data-start=\"2227\" data-end=\"2261\">\u2705 Gara\u017ee, \u0161upe, dvori\u0161ni prolazi<\/p>\n<\/li>\n<li data-start=\"2262\" data-end=\"2293\">\n<p data-start=\"2264\" data-end=\"2293\">\u2705 Vila i komercijalni objekti<\/p>\n<\/li>\n<\/ul>\n<p data-start=\"2295\" data-end=\"2426\">Sa ovim <strong data-start=\"2303\" data-end=\"2344\">solarni LED reflektor sa daljinskim<\/strong>, dobijate sigurnost, efikasnost i lako\u0107u monta\u017ee, bez ikakvih tro\u0161kova za struju.<\/p>\n<h2 data-start=\"2433\" data-end=\"2470\">Kako instalirati i koristiti?<\/h2>\n<ol data-start=\"2472\" data-end=\"2768\">\n<li data-start=\"2472\" data-end=\"2521\">\n<p data-start=\"2475\" data-end=\"2521\">Uklonite za\u0161titnu foliju sa solarnog panela.<\/p>\n<\/li>\n<li data-start=\"2522\" data-end=\"2590\">\n<p data-start=\"2525\" data-end=\"2590\">Postavite reflektor na sun\u010danu lokaciju, nagnut 30\u00b0 prema jugu.<\/p>\n<\/li>\n<li data-start=\"2591\" data-end=\"2661\">\n<p data-start=\"2594\" data-end=\"2661\">Montirajte uz zid ili stub koriste\u0107i prilo\u017eene \u0161rafove i tiplove.<\/p>\n<\/li>\n<li data-start=\"2662\" data-end=\"2725\">\n<p data-start=\"2665\" data-end=\"2725\">Podesite re\u017eim rada daljinskim: uklju\u010divanje, PIR, u\u0161teda.<\/p>\n<\/li>\n<li data-start=\"2726\" data-end=\"2768\">\n<p data-start=\"2729\" data-end=\"2768\">U\u017eivajte u osvetljenju tokom cele no\u0107i.<\/p>\n<\/li>\n<\/ol>\n<h2 data-start=\"2775\" data-end=\"2809\">Za\u0161to izabrati ovaj model?<\/h2>\n<ul data-start=\"2811\" data-end=\"2981\">\n<li data-start=\"2811\" data-end=\"2850\">\n<p data-start=\"2813\" data-end=\"2850\">Nema kablova, nema ra\u010duna za struju<\/p>\n<\/li>\n<li data-start=\"2851\" data-end=\"2905\">\n<p data-start=\"2853\" data-end=\"2905\">Inteligentan rad zahvaljuju\u0107i senzoru i daljinskom<\/p>\n<\/li>\n<li data-start=\"2906\" data-end=\"2942\">\n<p data-start=\"2908\" data-end=\"2942\">Dug vek trajanja uz IP65 za\u0161titu<\/p>\n<\/li>\n<li data-start=\"2943\" data-end=\"2981\">\n<p data-start=\"2945\" data-end=\"2981\">Ekolo\u0161ki i estetski dopadljiv dizajn<\/p>\n<\/li>\n<\/ul>\n","protected":false},"excerpt":{"rendered":"<p><span class=\"relative -mx-px my-[-0.2rem] rounded px-px py-[0.2rem] transition-colors duration-100 ease-in-out\">Solarni LED reflektor sa daljinskim upravlja\u010dem pru\u017ea sna\u017eno i inteligentno osvetljenje do 80\u202fm\u00b2, zahvaljuju\u0107i ugra\u0111enom PIR senzoru pokreta. Vodootporan (IP65), bez kablova, idealan za terase, prilaze, gara\u017ee i vrtove.<\/span><\/p>\n","protected":false},"featured_media":11295,"comment_status":"open","ping_status":"closed","template":"","meta":[],"product_brand":[],"product_cat":[135],"product_tag":[],"class_list":{"0":"post-11294","1":"product","2":"type-product","3":"status-publish","4":"has-post-thumbnail","6":"product_cat-dvoriste-i-basta","8":"first","9":"instock","10":"sale","11":"shipping-taxable","12":"purchasable","13":"product-type-simple"},"_links":{"self":[{"href":"https:\/\/vendorshop.rs\/index.php\/wp-json\/wp\/v2\/product\/11294","targetHints":{"allow":["GET"]}}],"collection":[{"href":"https:\/\/vendorshop.rs\/index.php\/wp-json\/wp\/v2\/product"}],"about":[{"href":"https:\/\/vendorshop.rs\/index.php\/wp-json\/wp\/v2\/types\/product"}],"replies":[{"embeddable":true,"href":"https:\/\/vendorshop.rs\/index.php\/wp-json\/wp\/v2\/comments?post=11294"}],"version-history":[{"count":2,"href":"https:\/\/vendorshop.rs\/index.php\/wp-json\/wp\/v2\/product\/11294\/revisions"}],"predecessor-version":[{"id":11297,"href":"https:\/\/vendorshop.rs\/index.php\/wp-json\/wp\/v2\/product\/11294\/revisions\/11297"}],"wp:featuredmedia":[{"embeddable":true,"href":"https:\/\/vendorshop.rs\/index.php\/wp-json\/wp\/v2\/media\/11295"}],"wp:attachment":[{"href":"https:\/\/vendorshop.rs\/index.php\/wp-json\/wp\/v2\/media?parent=11294"}],"wp:term":[{"taxonomy":"product_brand","embeddable":true,"href":"https:\/\/vendorshop.rs\/index.php\/wp-json\/wp\/v2\/product_brand?post=11294"},{"taxonomy":"product_cat","embeddable":true,"href":"https:\/\/vendorshop.rs\/index.php\/wp-json\/wp\/v2\/product_cat?post=11294"},{"taxonomy":"product_tag","embeddable":true,"href":"https:\/\/vendorshop.rs\/index.php\/wp-json\/wp\/v2\/product_tag?post=11294"}],"curies":[{"name":"wp","href":"https:\/\/api.w.org\/{rel}","templated":true}]}}