{"id":11454,"date":"2026-03-26T12:42:45","date_gmt":"2026-03-26T12:42:45","guid":{"rendered":"https:\/\/vendorshop.rs\/?post_type=product&#038;p=11454"},"modified":"2026-03-26T12:42:46","modified_gmt":"2026-03-26T12:42:46","slug":"gps-pracenje-vozilai-gps-traker","status":"publish","type":"product","link":"https:\/\/vendorshop.rs\/index.php\/product\/gps-pracenje-vozilai-gps-traker\/","title":{"rendered":"GPS pra\u0107enje vozila &#8211; Magnetni GPS Traker Lokator za Pra\u0107enje Vozila, Lica i Predmeta"},"content":{"rendered":"<h2 data-start=\"584\" data-end=\"666\"><strong data-start=\"584\" data-end=\"666\">GPS Traker GF07 \u2013 Magnetni GPS GSM Lokator za Pra\u0107enje Vozila, Lica i Predmeta<\/strong><\/h2>\n<p data-start=\"668\" data-end=\"1044\">Ako \u017eelite da pratite svoje vozilo, ljubimca ili neku vrednu imovinu, <strong data-start=\"738\" data-end=\"757\">GPS traker GF07<\/strong> je savr\u0161en ure\u0111aj za vas. Ovaj magnetni GPS lokator omogu\u0107ava lako pra\u0107enje u realnom vremenu i mo\u017ee se koristiti na raznim objektima kao \u0161to su automobili, motocikli, bicikli, pa \u010dak i li\u010dni predmeti. Kompaktan i jednostavan za kori\u0161\u0107enje, ovaj ure\u0111aj vam nudi mirnu glavu i sigurnost.<\/p>\n<h2 data-start=\"1046\" data-end=\"1090\"><strong data-start=\"1051\" data-end=\"1090\">Tehni\u010dke karakteristike i prednosti<\/strong><\/h2>\n<h3 data-start=\"1092\" data-end=\"1401\"><strong data-start=\"1092\" data-end=\"1143\">1. Magnetno pri\u010dvr\u0161\u0107ivanje za lako postavljanje<\/strong><\/h3>\n<p data-start=\"1092\" data-end=\"1401\">Jedna od glavnih prednosti GPS traker GF07 je <strong data-start=\"1192\" data-end=\"1219\">magnetno pri\u010dvr\u0161\u0107ivanje<\/strong>, koje omogu\u0107ava brzo i lako postavljanje na bilo koju metalnu povr\u0161inu. Ovo zna\u010di da ga mo\u017eete postaviti na vozilo, bicikl, ili \u010dak na neku vrednu imovinu koja ima metalnu povr\u0161inu.<\/p>\n<h3 data-start=\"1403\" data-end=\"1632\"><strong data-start=\"1403\" data-end=\"1436\">2. Pra\u0107enje u realnom vremenu<\/strong><\/h3>\n<p data-start=\"1403\" data-end=\"1632\">Ure\u0111aj omogu\u0107ava pra\u0107enje u <strong data-start=\"1467\" data-end=\"1486\">realnom vremenu<\/strong>, putem mobilne aplikacije ili ra\u010dunara. Bez obzira gde se nalazi ure\u0111aj, vi \u0107ete u svakom trenutku mo\u0107i da vidite njegovu ta\u010dnu lokaciju na mapi.<\/p>\n<h3 data-start=\"1634\" data-end=\"1934\"><strong data-start=\"1634\" data-end=\"1678\">3. Laka integracija sa mobilnim ure\u0111ajem<\/strong><\/h3>\n<p data-start=\"1634\" data-end=\"1934\">Za pra\u0107enje lokacije, sve \u0161to treba da uradite je da preuzmete aplikaciju na va\u0161 mobilni telefon i pove\u017eete ure\u0111aj putem GSM mre\u017ee. Aplikacija vam omogu\u0107ava da pratite kretanje objekta u svakom trenutku, \u0161to je idealno za vozila, decu ili starije osobe.<\/p>\n<h3 data-start=\"1936\" data-end=\"2181\"><strong data-start=\"1936\" data-end=\"1978\">4. Mala veli\u010dina i dugotrajna baterija<\/strong><\/h3>\n<p data-start=\"1936\" data-end=\"2181\">GPS Traker GF07 je kompaktan i jednostavan za skrivanje. Poseduje dugotrajan <strong data-start=\"2054\" data-end=\"2078\">baterijski kapacitet<\/strong>, koji mo\u017ee trajati nekoliko dana na jednoj punoj bateriji, zavisno od intenziteta pra\u0107enja i upotrebe.<\/p>\n<h3 data-start=\"2183\" data-end=\"2557\"><strong data-start=\"2183\" data-end=\"2219\">5. Alarmna funkcija i geofencing<\/strong><\/h3>\n<p data-start=\"2183\" data-end=\"2557\">GPS traker GF07 ima <strong data-start=\"2242\" data-end=\"2262\">alarmnu funkciju<\/strong>, koja vas obave\u0161tava kada ure\u0111aj napusti odre\u0111eno geografsko podru\u010dje, \u0161to je korisno za za\u0161titu imovine i pra\u0107enje osoba. Tako\u0111e, ure\u0111aj omogu\u0107ava postavljanje <strong data-start=\"2424\" data-end=\"2438\">geofencing<\/strong> zona, \u0161to zna\u010di da mo\u017eete postaviti &#8222;sigurnosnu granicu&#8220;, a traker \u0107e vas obavestiti ako ure\u0111aj iza\u0111e iz tog podru\u010dja.<\/p>\n<h3 data-start=\"2559\" data-end=\"2820\"><strong data-start=\"2559\" data-end=\"2585\">6. \u0160irok opseg primene<\/strong><\/h3>\n<p data-start=\"2559\" data-end=\"2820\">Osim \u0161to je idealan za vozila, ovaj GPS traker je savr\u0161en za pra\u0107enje bicikala, motocikala, kamiona, pa \u010dak i vrednih paketa ili opreme. Mo\u017ee se koristiti i za pra\u0107enje osoba, poput dece ili starijih lica koja mogu biti u opasnosti.<\/p>\n<h2 data-start=\"2822\" data-end=\"2845\"><strong data-start=\"2827\" data-end=\"2843\">Paket sadr\u017ei<\/strong><\/h2>\n<ul data-start=\"2846\" data-end=\"2928\">\n<li data-start=\"2846\" data-end=\"2869\">\n<p data-start=\"2848\" data-end=\"2869\">1 x GPS traker GF07<\/p>\n<\/li>\n<li data-start=\"2870\" data-end=\"2898\">\n<p data-start=\"2872\" data-end=\"2898\">1 x USB kabl za punjenje<\/p>\n<\/li>\n<li data-start=\"2899\" data-end=\"2928\">\n<p data-start=\"2901\" data-end=\"2928\">1 x Priru\u010dnik za upotrebu<\/p>\n<\/li>\n<\/ul>\n<h2 data-start=\"2930\" data-end=\"2950\"><strong data-start=\"2930\" data-end=\"2947\">Specifikacije<\/strong>:<\/h2>\n<ul data-start=\"2951\" data-end=\"3291\">\n<li data-start=\"2951\" data-end=\"2978\">\n<p data-start=\"2953\" data-end=\"2978\"><strong data-start=\"2953\" data-end=\"2960\">Tip<\/strong>: GPS\/GSM traker<\/p>\n<\/li>\n<li data-start=\"2979\" data-end=\"3010\">\n<p data-start=\"2981\" data-end=\"3010\"><strong data-start=\"2981\" data-end=\"3008\">Magnetno pri\u010dvr\u0161\u0107ivanje<\/strong><\/p>\n<\/li>\n<li data-start=\"3011\" data-end=\"3045\">\n<p data-start=\"3013\" data-end=\"3045\"><strong data-start=\"3013\" data-end=\"3043\">Pra\u0107enje u realnom vremenu<\/strong><\/p>\n<\/li>\n<li data-start=\"3046\" data-end=\"3095\">\n<p data-start=\"3048\" data-end=\"3095\"><strong data-start=\"3048\" data-end=\"3093\">Kompatibilnost sa Android i iOS ure\u0111ajima<\/strong><\/p>\n<\/li>\n<li data-start=\"3096\" data-end=\"3159\">\n<p data-start=\"3098\" data-end=\"3159\"><strong data-start=\"3098\" data-end=\"3110\">Baterija<\/strong>: 3.7V, 1500mAh (izdr\u017eljivost do nekoliko dana)<\/p>\n<\/li>\n<li data-start=\"3160\" data-end=\"3193\">\n<p data-start=\"3162\" data-end=\"3193\"><strong data-start=\"3162\" data-end=\"3187\">Prepoznavanje pokreta<\/strong>: Da<\/p>\n<\/li>\n<li data-start=\"3194\" data-end=\"3249\">\n<p data-start=\"3196\" data-end=\"3249\"><strong data-start=\"3196\" data-end=\"3247\">Podr\u0161ka za SMS, pozive i aplikacije za pra\u0107enje<\/strong><\/p>\n<\/li>\n<li data-start=\"3250\" data-end=\"3291\">\n<p data-start=\"3252\" data-end=\"3291\"><strong data-start=\"3252\" data-end=\"3265\">Dimenzije<\/strong>: 7.5 cm x 5 cm x 2.5 cm<\/p>\n<\/li>\n<\/ul>\n<h2 data-start=\"3293\" data-end=\"3573\"><strong data-start=\"3293\" data-end=\"3325\">Dodatni saveti za kori\u0161\u0107enje<\/strong>:<\/h2>\n<p data-start=\"3293\" data-end=\"3573\">Preporu\u010duje se da GPS traker postavite na lako dostupna mesta na va\u0161em vozilu ili imovini, ali ih dr\u017eite skrivenima kako biste pove\u0107ali sigurnost. Tako\u0111e, redovno proveravajte nivo baterije ure\u0111aja, kako biste osigurali da pra\u0107enje bude konstantno.<\/p>\n","protected":false},"excerpt":{"rendered":"<p>GPS traker GF07 je prakti\u010dan i efikasan ure\u0111aj za pra\u0107enje vozila, osoba ili drugih objekata. Sa magnetnim pri\u010dvr\u0161\u0107ivanjem, lako se postavlja na bilo koju metalnu povr\u0161inu, omogu\u0107avaju\u0107i precizno pra\u0107enje u realnom vremenu putem mobilnog telefona ili ra\u010dunara.<\/p>\n","protected":false},"featured_media":11456,"comment_status":"open","ping_status":"closed","template":"","meta":[],"product_brand":[],"product_cat":[216],"product_tag":[],"class_list":{"0":"post-11454","1":"product","2":"type-product","3":"status-publish","4":"has-post-thumbnail","6":"product_cat-sve-za-auto","8":"first","9":"instock","10":"sale","11":"shipping-taxable","12":"purchasable","13":"product-type-simple"},"_links":{"self":[{"href":"https:\/\/vendorshop.rs\/index.php\/wp-json\/wp\/v2\/product\/11454","targetHints":{"allow":["GET"]}}],"collection":[{"href":"https:\/\/vendorshop.rs\/index.php\/wp-json\/wp\/v2\/product"}],"about":[{"href":"https:\/\/vendorshop.rs\/index.php\/wp-json\/wp\/v2\/types\/product"}],"replies":[{"embeddable":true,"href":"https:\/\/vendorshop.rs\/index.php\/wp-json\/wp\/v2\/comments?post=11454"}],"version-history":[{"count":1,"href":"https:\/\/vendorshop.rs\/index.php\/wp-json\/wp\/v2\/product\/11454\/revisions"}],"predecessor-version":[{"id":11457,"href":"https:\/\/vendorshop.rs\/index.php\/wp-json\/wp\/v2\/product\/11454\/revisions\/11457"}],"wp:featuredmedia":[{"embeddable":true,"href":"https:\/\/vendorshop.rs\/index.php\/wp-json\/wp\/v2\/media\/11456"}],"wp:attachment":[{"href":"https:\/\/vendorshop.rs\/index.php\/wp-json\/wp\/v2\/media?parent=11454"}],"wp:term":[{"taxonomy":"product_brand","embeddable":true,"href":"https:\/\/vendorshop.rs\/index.php\/wp-json\/wp\/v2\/product_brand?post=11454"},{"taxonomy":"product_cat","embeddable":true,"href":"https:\/\/vendorshop.rs\/index.php\/wp-json\/wp\/v2\/product_cat?post=11454"},{"taxonomy":"product_tag","embeddable":true,"href":"https:\/\/vendorshop.rs\/index.php\/wp-json\/wp\/v2\/product_tag?post=11454"}],"curies":[{"name":"wp","href":"https:\/\/api.w.org\/{rel}","templated":true}]}}