{"id":11557,"date":"2026-03-30T11:35:49","date_gmt":"2026-03-30T11:35:49","guid":{"rendered":"https:\/\/vendorshop.rs\/?post_type=product&#038;p=11557"},"modified":"2026-03-30T11:35:49","modified_gmt":"2026-03-30T11:35:49","slug":"akvarijum-led-lampa-sa-meduzama","status":"publish","type":"product","link":"https:\/\/vendorshop.rs\/index.php\/product\/akvarijum-led-lampa-sa-meduzama\/","title":{"rendered":"LED Lampa sa Plivaju\u0107im Meduzama i Ribicama \u2013 Dekorativna Akvarijum Lampa sa Ambijentalnim Osvetljenjem"},"content":{"rendered":"<h4 data-start=\"582\" data-end=\"638\">\ud83c\udf0a Unesite spokoj i boje morskog sveta u svoj dom<\/h4>\n<p data-start=\"639\" data-end=\"978\">Ova inovativna <strong data-start=\"654\" data-end=\"677\">akvarijum <\/strong><strong data-start=\"654\" data-end=\"677\">LED lampa<\/strong> stvara iluziju pravog morskog ambijenta. U njenoj providnoj posudi, <strong data-start=\"746\" data-end=\"788\">realisti\u010dne silikonske meduze i ribice<\/strong> ne\u017eno plutaju zahvaljuju\u0107i vodenim strujanjima i specijalnom osvetljenju. Savr\u0161ena je za opu\u0161tanje, meditaciju, kao no\u0107na svetiljka ili kao jedinstveni dekorativni detalj u svakom prostoru.<\/p>\n<h4 data-start=\"980\" data-end=\"1015\">\ud83d\udca1 Vi\u0161ebojno LED osvetljenje<\/h4>\n<p data-start=\"1016\" data-end=\"1254\">LED lampa sadr\u017ei <strong data-start=\"1029\" data-end=\"1055\">vi\u0161ebojne LED sijalice<\/strong> koje menjaju boje, stvaraju\u0107i dinami\u010dan i vizuelno bogat efekat. Svetla mogu prelaziti kroz razli\u010dite nijanse plave, zelene, crvene, ljubi\u010daste i drugih boja, pru\u017eaju\u0107i umiruju\u0107i vizuelni do\u017eivljaj.<\/p>\n<h4 data-start=\"1256\" data-end=\"1304\">\ud83d\udc20 Realisti\u010dne silikonske meduze i ribice &#8211; LED Lampa<\/h4>\n<p data-start=\"1305\" data-end=\"1508\">Ukrasne \u017eivotinje napravljene su od <strong data-start=\"1341\" data-end=\"1371\">mekog i prozirnog silikona<\/strong>, dizajnirane tako da se kre\u0107u nalik pravim morskim stvorenjima. Njihovo kretanje podsti\u010de tihi motor koji simulira lagane morske struje.<\/p>\n<h4 data-start=\"1510\" data-end=\"1541\">\ud83d\udd0c Jednostavno napajanje<\/h4>\n<p data-start=\"1542\" data-end=\"1731\">Lampa funkcioni\u0161e pomo\u0107u <strong data-start=\"1567\" data-end=\"1593\">USB kabla ili baterija<\/strong>, \u0161to je \u010dini pogodnom za upotrebu bilo gde \u2013 kod ku\u0107e, na radnom stolu, u de\u010dijoj sobi, kancelariji ili kao no\u0107no svetlo u spava\u0107oj sobi.<\/p>\n<h4 data-start=\"1733\" data-end=\"1772\">\ud83c\udf81 Savr\u0161en poklon za sve uzraste<\/h4>\n<p data-start=\"1773\" data-end=\"1811\">Ova LED lampa je fantasti\u010dan izbor za:<\/p>\n<ul data-start=\"1812\" data-end=\"1984\">\n<li data-start=\"1812\" data-end=\"1830\">\n<p data-start=\"1814\" data-end=\"1830\">Poklon za decu<\/p>\n<\/li>\n<li data-start=\"1831\" data-end=\"1854\">\n<p data-start=\"1833\" data-end=\"1854\">Ro\u0111endanske poklone<\/p>\n<\/li>\n<li data-start=\"1855\" data-end=\"1883\">\n<p data-start=\"1857\" data-end=\"1883\">Ljubitelje mora i okeana<\/p>\n<\/li>\n<li data-start=\"1884\" data-end=\"1935\">\n<p data-start=\"1886\" data-end=\"1935\">Ljude koji \u017eele opu\u0161taju\u0107u atmosferu u prostoru<\/p>\n<\/li>\n<li data-start=\"1936\" data-end=\"1984\">\n<p data-start=\"1938\" data-end=\"1984\">Ljubitelje zanimljivih i kreativnih dekoracija<\/p>\n<\/li>\n<\/ul>\n<h4 data-start=\"1986\" data-end=\"2013\">\u2705 Prednosti proizvoda:<\/h4>\n<ul data-start=\"2014\" data-end=\"2331\">\n<li data-start=\"2014\" data-end=\"2055\">\n<p data-start=\"2016\" data-end=\"2055\">\ud83c\udf08 Vi\u0161ebojno ambijentalno osvetljenje<\/p>\n<\/li>\n<li data-start=\"2056\" data-end=\"2108\">\n<p data-start=\"2058\" data-end=\"2108\">\ud83d\udc19 Realisti\u010dne meduze i ribice koje lebde u vodi<\/p>\n<\/li>\n<li data-start=\"2109\" data-end=\"2148\">\n<p data-start=\"2111\" data-end=\"2148\">\ud83d\udd07 Tihi motor za bezbri\u017eno u\u017eivanje<\/p>\n<\/li>\n<li data-start=\"2149\" data-end=\"2212\">\n<p data-start=\"2151\" data-end=\"2212\">\ud83d\udd0c USB napajanje ili baterije (za maksimalnu fleksibilnost)<\/p>\n<\/li>\n<li data-start=\"2213\" data-end=\"2251\">\n<p data-start=\"2215\" data-end=\"2251\">\ud83c\udfa8 Moderan i minimalisti\u010dki dizajn<\/p>\n<\/li>\n<li data-start=\"2252\" data-end=\"2290\">\n<p data-start=\"2254\" data-end=\"2290\">\ud83d\udca4 Odli\u010dna kao no\u0107na lampa za decu<\/p>\n<\/li>\n<li data-start=\"2291\" data-end=\"2331\">\n<p data-start=\"2293\" data-end=\"2331\">\ud83c\udf81 Idealna kao poklon za sve uzraste<\/p>\n<\/li>\n<\/ul>\n<h4 data-start=\"2333\" data-end=\"2355\">\ud83d\udccf Specifikacije:<\/h4>\n<ul data-start=\"2356\" data-end=\"2629\">\n<li data-start=\"2356\" data-end=\"2383\">\n<p data-start=\"2358\" data-end=\"2383\">Visina lampe: oko 22 cm<\/p>\n<\/li>\n<li data-start=\"2384\" data-end=\"2421\">\n<p data-start=\"2386\" data-end=\"2421\">Materijal: ABS plastika + silikon<\/p>\n<\/li>\n<li data-start=\"2422\" data-end=\"2492\">\n<p data-start=\"2424\" data-end=\"2492\">Napajanje: USB kabl (uklju\u010den) ili 3x AA baterije (nisu uklju\u010dene)<\/p>\n<\/li>\n<li data-start=\"2493\" data-end=\"2545\">\n<p data-start=\"2495\" data-end=\"2545\">Boje svetla: Vi\u0161ebojne, sa automatskim promenama<\/p>\n<\/li>\n<li data-start=\"2546\" data-end=\"2629\">\n<p data-start=\"2548\" data-end=\"2629\">U paketu: LED lampa, 2 silikonske meduze, 2 silikonske ribice, USB kabl, uputstvo<\/p>\n<\/li>\n<\/ul>\n","protected":false},"excerpt":{"rendered":"<p>U\u017eivajte u magiji okeana kod ku\u0107e! LED lampa sa realisti\u010dno plivaju\u0107im meduzama i ribicama stvara umiruju\u0107u atmosferu i savr\u0161ena je kao dekoracija, poklon ili no\u0107na lampa za decu i odrasle.<\/p>\n","protected":false},"featured_media":11559,"comment_status":"open","ping_status":"closed","template":"","meta":[],"product_brand":[],"product_cat":[71],"product_tag":[],"class_list":{"0":"post-11557","1":"product","2":"type-product","3":"status-publish","4":"has-post-thumbnail","6":"product_cat-sve-za-kucu","8":"first","9":"instock","10":"shipping-taxable","11":"purchasable","12":"product-type-simple"},"_links":{"self":[{"href":"https:\/\/vendorshop.rs\/index.php\/wp-json\/wp\/v2\/product\/11557","targetHints":{"allow":["GET"]}}],"collection":[{"href":"https:\/\/vendorshop.rs\/index.php\/wp-json\/wp\/v2\/product"}],"about":[{"href":"https:\/\/vendorshop.rs\/index.php\/wp-json\/wp\/v2\/types\/product"}],"replies":[{"embeddable":true,"href":"https:\/\/vendorshop.rs\/index.php\/wp-json\/wp\/v2\/comments?post=11557"}],"version-history":[{"count":1,"href":"https:\/\/vendorshop.rs\/index.php\/wp-json\/wp\/v2\/product\/11557\/revisions"}],"predecessor-version":[{"id":11561,"href":"https:\/\/vendorshop.rs\/index.php\/wp-json\/wp\/v2\/product\/11557\/revisions\/11561"}],"wp:featuredmedia":[{"embeddable":true,"href":"https:\/\/vendorshop.rs\/index.php\/wp-json\/wp\/v2\/media\/11559"}],"wp:attachment":[{"href":"https:\/\/vendorshop.rs\/index.php\/wp-json\/wp\/v2\/media?parent=11557"}],"wp:term":[{"taxonomy":"product_brand","embeddable":true,"href":"https:\/\/vendorshop.rs\/index.php\/wp-json\/wp\/v2\/product_brand?post=11557"},{"taxonomy":"product_cat","embeddable":true,"href":"https:\/\/vendorshop.rs\/index.php\/wp-json\/wp\/v2\/product_cat?post=11557"},{"taxonomy":"product_tag","embeddable":true,"href":"https:\/\/vendorshop.rs\/index.php\/wp-json\/wp\/v2\/product_tag?post=11557"}],"curies":[{"name":"wp","href":"https:\/\/api.w.org\/{rel}","templated":true}]}}