{"id":11752,"date":"2026-03-31T08:21:54","date_gmt":"2026-03-31T08:21:54","guid":{"rendered":"https:\/\/vendorshop.rs\/?post_type=product&#038;p=11752"},"modified":"2026-03-31T08:21:55","modified_gmt":"2026-03-31T08:21:55","slug":"slimming-flasteri-za-stomak","status":"publish","type":"product","link":"https:\/\/vendorshop.rs\/index.php\/product\/slimming-flasteri-za-stomak\/","title":{"rendered":"Slimming flasteri za stomak \u2013 30 komada za oblikovanje i mr\u0161avljenje"},"content":{"rendered":"<h2 data-start=\"538\" data-end=\"585\">Efikasno oblikujte telo uz Slimming flastere<\/h2>\n<p data-start=\"587\" data-end=\"927\">Flasteri za mr\u0161avljenje postaju sve popularniji kao prakti\u010dan i neinvazivan na\u010din da se podr\u017ei proces mr\u0161avljenja i oblikovanja tela. Ovi <strong data-start=\"725\" data-end=\"756\">Slimming flasteri za stomak<\/strong> sadr\u017ee prirodne biljne sastojke koji ciljaju masne naslage i poma\u017eu u sagorevanju masti direktno na mestu primene \u2013 naj\u010de\u0161\u0107e stomaku, ali i na bokovima, bedrima i le\u0111ima.<\/p>\n<h3 data-start=\"929\" data-end=\"966\">Klju\u010dne karakteristike proizvoda:<\/h3>\n<ul data-start=\"967\" data-end=\"1197\">\n<li data-start=\"967\" data-end=\"993\">\n<p data-start=\"969\" data-end=\"993\">\u2705 Pakovanje od 30 komada<\/p>\n<\/li>\n<li data-start=\"994\" data-end=\"1051\">\n<p data-start=\"996\" data-end=\"1051\">\u2705 Prakti\u010dan oblik za lepljenje na stomak i druge regije<\/p>\n<\/li>\n<li data-start=\"1052\" data-end=\"1103\">\n<p data-start=\"1054\" data-end=\"1103\">\u2705 Sadr\u017ei biljne ekstrakte za prirodno mr\u0161avljenje<\/p>\n<\/li>\n<li data-start=\"1104\" data-end=\"1147\">\n<p data-start=\"1106\" data-end=\"1147\">\u2705 Poma\u017ee pri zatezanju i oblikovanju tela<\/p>\n<\/li>\n<li data-start=\"1148\" data-end=\"1197\">\n<p data-start=\"1150\" data-end=\"1197\">\u2705 Nema potrebe za gutanjem tableta ili dodataka<\/p>\n<\/li>\n<\/ul>\n<hr data-start=\"1199\" data-end=\"1202\" \/>\n<h2 data-start=\"1204\" data-end=\"1248\">Kako funkcioni\u0161u flasteri za mr\u0161avljenje?<\/h2>\n<p data-start=\"1250\" data-end=\"1571\"><strong data-start=\"1250\" data-end=\"1279\">Slimming flasteri za stomak <\/strong>funkcioni\u0161u tako \u0161to aktivne biljne supstance prodiru kroz ko\u017eu i stimuli\u0161u lokalnu cirkulaciju. Ovo mo\u017ee pomo\u0107i u eliminaciji toksina, smanjenju zadr\u017eavanja vode i sagorevanju vi\u0161ka masnih naslaga. Redovnim kori\u0161\u0107enjem mogu\u0107e je primetiti vizuelno zategnutiju ko\u017eu i smanjenje obima struka.<\/p>\n<p data-start=\"1573\" data-end=\"1772\">Flasteri se lepe direktno na \u010distu i suhu ko\u017eu, idealno pred spavanje, i nose se izme\u0111u 6 do 8 sati. Preporu\u010duje se kontinuirano kori\u0161\u0107enje u trajanju od najmanje 2\u20134 nedelje za vidljivije rezultate.<\/p>\n<hr data-start=\"1774\" data-end=\"1777\" \/>\n<h2 data-start=\"1779\" data-end=\"1803\">Sastojci i bezbednost<\/h2>\n<p data-start=\"1805\" data-end=\"1882\">Ovi flasteri sadr\u017ee kombinaciju <strong data-start=\"1837\" data-end=\"1869\">prirodnih biljnih ekstrakata<\/strong>, kao \u0161to su:<\/p>\n<ul data-start=\"1884\" data-end=\"1980\">\n<li data-start=\"1884\" data-end=\"1921\">\n<p data-start=\"1886\" data-end=\"1921\">Gorka pomorand\u017ea (Citrus aurantium)<\/p>\n<\/li>\n<li data-start=\"1922\" data-end=\"1934\">\n<p data-start=\"1924\" data-end=\"1934\">Zeleni \u010daj<\/p>\n<\/li>\n<li data-start=\"1935\" data-end=\"1944\">\n<p data-start=\"1937\" data-end=\"1944\">Ginseng<\/p>\n<\/li>\n<li data-start=\"1945\" data-end=\"1980\">\n<p data-start=\"1947\" data-end=\"1980\">Capsicum (ekstrakt ljute paprike)<\/p>\n<\/li>\n<\/ul>\n<p data-start=\"1982\" data-end=\"2213\">Napomena: Ne preporu\u010duje se kori\u0161\u0107enje tokom trudno\u0107e ili dojenja. Osobe sa osetljivom ko\u017eom treba da urade test pre upotrebe. Ovi flasteri nisu zamena za uravnote\u017eenu ishranu i fizi\u010dku aktivnost, ve\u0107 dodatak zdravom na\u010dinu \u017eivota.<\/p>\n<hr data-start=\"2215\" data-end=\"2218\" \/>\n<h2 data-start=\"2220\" data-end=\"2260\">Prednosti koje kupci naj\u010de\u0161\u0107e isti\u010du:<\/h2>\n<ul data-start=\"2261\" data-end=\"2417\">\n<li data-start=\"2261\" data-end=\"2292\">\n<p data-start=\"2263\" data-end=\"2292\"><strong data-start=\"2263\" data-end=\"2292\">Vidljivo oblikovanje tela<\/strong><\/p>\n<\/li>\n<li data-start=\"2293\" data-end=\"2328\">\n<p data-start=\"2295\" data-end=\"2328\"><strong data-start=\"2295\" data-end=\"2328\">Prakti\u010dna upotreba bez napora<\/strong><\/p>\n<\/li>\n<li data-start=\"2329\" data-end=\"2365\">\n<p data-start=\"2331\" data-end=\"2365\"><strong data-start=\"2331\" data-end=\"2365\">Prirodan sastav bez hemikalija<\/strong><\/p>\n<\/li>\n<li data-start=\"2366\" data-end=\"2417\">\n<p data-start=\"2368\" data-end=\"2417\"><strong data-start=\"2368\" data-end=\"2417\">Povoljna cena u odnosu na tretmane u salonima<\/strong><\/p>\n<\/li>\n<\/ul>\n<hr data-start=\"2419\" data-end=\"2422\" \/>\n<h2 data-start=\"2424\" data-end=\"2448\">Uputstvo za upotrebu:<\/h2>\n<ol data-start=\"2449\" data-end=\"2687\">\n<li data-start=\"2449\" data-end=\"2504\">\n<p data-start=\"2452\" data-end=\"2504\">O\u010distite i osu\u0161ite \u017eeljenu regiju (naj\u010de\u0161\u0107e stomak).<\/p>\n<\/li>\n<li data-start=\"2505\" data-end=\"2577\">\n<p data-start=\"2508\" data-end=\"2577\">Zalepite flaster i ostavite da deluje 6\u20138 sati (najbolje tokom no\u0107i).<\/p>\n<\/li>\n<li data-start=\"2578\" data-end=\"2625\">\n<p data-start=\"2581\" data-end=\"2625\">Koristite svakodnevno za najbolje rezultate.<\/p>\n<\/li>\n<li data-start=\"2626\" data-end=\"2687\">\n<p data-start=\"2629\" data-end=\"2687\">Nakon skidanja, mo\u017eete ne\u017eno obrisati regiju toplom vodom.<\/p>\n<\/li>\n<\/ol>\n<p>&nbsp;<\/p>\n<h2 data-start=\"3080\" data-end=\"3092\">Zaklju\u010dak<\/h2>\n<p data-start=\"3094\" data-end=\"3411\">Ako tra\u017eite prakti\u010dan, diskretan i prirodan na\u010din da podr\u017eite svoje ciljeve u vezi sa mr\u0161avljenjem i oblikovanjem tela, <strong data-start=\"3214\" data-end=\"3245\">Slimming flasteri za stomak<\/strong> su sjajan izbor. Povoljni, jednostavni za upotrebu i zasnovani na biljnim ekstraktima, ovi flasteri mogu biti va\u0161 saveznik na putu ka \u010dvr\u0161\u0107oj i zategnutijoj silueti.<\/p>\n","protected":false},"excerpt":{"rendered":"<p>Set od 30 biljnih flastera za mr\u0161avljenje osmi\u0161ljen je da pomogne u oblikovanju tela, smanjenju masnih naslaga na stomaku i u\u010dvr\u0161\u0107ivanju ko\u017ee. Bezbedni za kori\u0161\u0107enje, jednostavni za primenu i idealni kao dodatak zdravom na\u010dinu \u017eivota.<br \/>\n<strong>30 komada za 1200 rsd<\/strong><\/p>\n","protected":false},"featured_media":11753,"comment_status":"open","ping_status":"closed","template":"","meta":[],"product_brand":[],"product_cat":[93],"product_tag":[],"class_list":{"0":"post-11752","1":"product","2":"type-product","3":"status-publish","4":"has-post-thumbnail","6":"product_cat-lepota-i-zdravlje","8":"first","9":"instock","10":"shipping-taxable","11":"purchasable","12":"product-type-simple"},"_links":{"self":[{"href":"https:\/\/vendorshop.rs\/index.php\/wp-json\/wp\/v2\/product\/11752","targetHints":{"allow":["GET"]}}],"collection":[{"href":"https:\/\/vendorshop.rs\/index.php\/wp-json\/wp\/v2\/product"}],"about":[{"href":"https:\/\/vendorshop.rs\/index.php\/wp-json\/wp\/v2\/types\/product"}],"replies":[{"embeddable":true,"href":"https:\/\/vendorshop.rs\/index.php\/wp-json\/wp\/v2\/comments?post=11752"}],"version-history":[{"count":1,"href":"https:\/\/vendorshop.rs\/index.php\/wp-json\/wp\/v2\/product\/11752\/revisions"}],"predecessor-version":[{"id":11757,"href":"https:\/\/vendorshop.rs\/index.php\/wp-json\/wp\/v2\/product\/11752\/revisions\/11757"}],"wp:featuredmedia":[{"embeddable":true,"href":"https:\/\/vendorshop.rs\/index.php\/wp-json\/wp\/v2\/media\/11753"}],"wp:attachment":[{"href":"https:\/\/vendorshop.rs\/index.php\/wp-json\/wp\/v2\/media?parent=11752"}],"wp:term":[{"taxonomy":"product_brand","embeddable":true,"href":"https:\/\/vendorshop.rs\/index.php\/wp-json\/wp\/v2\/product_brand?post=11752"},{"taxonomy":"product_cat","embeddable":true,"href":"https:\/\/vendorshop.rs\/index.php\/wp-json\/wp\/v2\/product_cat?post=11752"},{"taxonomy":"product_tag","embeddable":true,"href":"https:\/\/vendorshop.rs\/index.php\/wp-json\/wp\/v2\/product_tag?post=11752"}],"curies":[{"name":"wp","href":"https:\/\/api.w.org\/{rel}","templated":true}]}}