{"id":11840,"date":"2026-04-06T10:26:39","date_gmt":"2026-04-06T10:26:39","guid":{"rendered":"https:\/\/vendorshop.rs\/?post_type=product&#038;p=11840"},"modified":"2026-04-06T10:26:40","modified_gmt":"2026-04-06T10:26:40","slug":"uredjaj-ciscenje-cetkica-za-sminku","status":"publish","type":"product","link":"https:\/\/vendorshop.rs\/index.php\/product\/uredjaj-ciscenje-cetkica-za-sminku\/","title":{"rendered":"3-u-1 Automatski Ure\u0111aj za \u010ci\u0161\u0107enje \u010cetkica za \u0160minku \u2013 Uvek \u010ciste i Spremne za Kori\u0161\u0107enje!"},"content":{"rendered":"<h3 data-start=\"768\" data-end=\"835\">Za\u0161to vam treba 3-u-1 ure\u0111aj za \u010di\u0161\u0107enje \u010detkica za \u0161minku?<\/h3>\n<p data-start=\"837\" data-end=\"1112\">Kori\u0161\u0107enje prljavih \u010detkica za \u0161minku mo\u017ee dovesti do iritacija, bubuljica i neurednog izgleda \u0161minke. Ovaj <strong data-start=\"945\" data-end=\"1002\">3-u-1 automatski ure\u0111aj za \u010di\u0161\u0107enje i su\u0161enje \u010detkica<\/strong> omogu\u0107ava vam da sa\u010duvate zdravlje ko\u017ee i odr\u017eite svoje \u010detkice besprekorno \u010distim \u2013 brzo, lako i bez napora!<\/p>\n<h3 data-start=\"1114\" data-end=\"1146\">Karakteristike proizvoda<\/h3>\n<ul data-start=\"1148\" data-end=\"1580\">\n<li data-start=\"1148\" data-end=\"1236\">\n<p data-start=\"1150\" data-end=\"1236\">\u2705 <strong data-start=\"1152\" data-end=\"1185\">Automatsko \u010di\u0161\u0107enje i su\u0161enje<\/strong> \u2013 \u010cetkice se peru i su\u0161e za samo nekoliko sekundi.<\/p>\n<\/li>\n<li data-start=\"1237\" data-end=\"1329\">\n<p data-start=\"1239\" data-end=\"1329\">\u2705 <strong data-start=\"1241\" data-end=\"1257\">USB punjenje<\/strong> \u2013 Ure\u0111aj dolazi sa punjivom litijum-polimerskom baterijom i USB kablom.<\/p>\n<\/li>\n<li data-start=\"1330\" data-end=\"1419\">\n<p data-start=\"1332\" data-end=\"1419\">\u2705 <strong data-start=\"1334\" data-end=\"1368\">Efikasno za sve tipove \u010detkica<\/strong> \u2013 Od tankih preciznih do velikih \u010detkica za puder.<\/p>\n<\/li>\n<li data-start=\"1420\" data-end=\"1498\">\n<p data-start=\"1422\" data-end=\"1498\">\u2705 <strong data-start=\"1424\" data-end=\"1447\">\u0160tedi vreme i novac<\/strong> \u2013 Redovno \u010di\u0161\u0107enje produ\u017eava vek trajanja \u010detkica.<\/p>\n<\/li>\n<li data-start=\"1499\" data-end=\"1580\">\n<p data-start=\"1501\" data-end=\"1580\">\u2705 <strong data-start=\"1503\" data-end=\"1523\">Dr\u017ea\u010d za su\u0161enje<\/strong> \u2013 Omogu\u0107ava prirodno su\u0161enje i \u0161titi \u010detkice od pra\u0161ine.<\/p>\n<\/li>\n<\/ul>\n<h3 data-start=\"1582\" data-end=\"1612\">Tehni\u010dke specifikacije<\/h3>\n<ul data-start=\"1614\" data-end=\"1787\">\n<li data-start=\"1614\" data-end=\"1634\">\n<p data-start=\"1616\" data-end=\"1634\"><strong data-start=\"1616\" data-end=\"1630\">Napajanje:<\/strong> USB<\/p>\n<\/li>\n<li data-start=\"1635\" data-end=\"1677\">\n<p data-start=\"1637\" data-end=\"1677\"><strong data-start=\"1637\" data-end=\"1650\">Baterija:<\/strong> Punjiva litijum-polimerska<\/p>\n<\/li>\n<li data-start=\"1678\" data-end=\"1695\">\n<p data-start=\"1680\" data-end=\"1695\"><strong data-start=\"1680\" data-end=\"1690\">Napon:<\/strong> \u226436V<\/p>\n<\/li>\n<li data-start=\"1696\" data-end=\"1722\">\n<p data-start=\"1698\" data-end=\"1722\"><strong data-start=\"1698\" data-end=\"1714\">Sertifikati:<\/strong> FCC, CE<\/p>\n<\/li>\n<li data-start=\"1723\" data-end=\"1787\">\n<p data-start=\"1725\" data-end=\"1787\"><strong data-start=\"1725\" data-end=\"1741\">Re\u017eimi rada:<\/strong> Automatsko pranje, su\u0161enje i dr\u017ea\u010d za su\u0161enje<\/p>\n<\/li>\n<\/ul>\n<h3 data-start=\"1789\" data-end=\"1817\">Jednostavna \u010ci\u0161\u0107enje \u010cetkica za \u0160minku<\/h3>\n<ol data-start=\"1819\" data-end=\"2087\">\n<li data-start=\"1819\" data-end=\"1875\">\n<p data-start=\"1822\" data-end=\"1875\">Napunite posudu vodom i blagim sredstvom za \u010di\u0161\u0107enje.<\/p>\n<\/li>\n<li data-start=\"1876\" data-end=\"1920\">\n<p data-start=\"1879\" data-end=\"1920\">Umetnite \u010detkicu u odgovaraju\u0107i nastavak.<\/p>\n<\/li>\n<li data-start=\"1921\" data-end=\"2006\">\n<p data-start=\"1924\" data-end=\"2006\">Aktivirajte ure\u0111aj i gledajte kako va\u0161a \u010detkica postaje \u010dista za nekoliko sekundi.<\/p>\n<\/li>\n<li data-start=\"2007\" data-end=\"2087\">\n<p data-start=\"2010\" data-end=\"2087\">Postavite \u010detkicu na dr\u017ea\u010d da se dodatno osu\u0161i i ostane za\u0161ti\u0107ena od pra\u0161ine.<\/p>\n<\/li>\n<\/ol>\n<h3 data-start=\"2089\" data-end=\"2131\">Higijena i zdravlje na prvom mestu<\/h3>\n<p data-start=\"2133\" data-end=\"2239\">Prljave \u010detkice skupljaju bakterije, ostatke proizvoda i ulja sa ko\u017ee, \u0161to mo\u017ee dovesti do problema poput:<\/p>\n<ul data-start=\"2240\" data-end=\"2297\">\n<li data-start=\"2240\" data-end=\"2257\">\n<p data-start=\"2242\" data-end=\"2257\">Zapaljenja ko\u017ee<\/p>\n<\/li>\n<li data-start=\"2258\" data-end=\"2264\">\n<p data-start=\"2260\" data-end=\"2264\">Akni<\/p>\n<\/li>\n<li data-start=\"2265\" data-end=\"2297\">\n<p data-start=\"2267\" data-end=\"2297\">Neravnomernog nano\u0161enja \u0161minke<\/p>\n<\/li>\n<\/ul>\n<p data-start=\"2299\" data-end=\"2388\">Zato je redovno \u010ci\u0161\u0107enje \u010cetkica za \u0160minku izuzetno va\u017eno, a ovaj ure\u0111aj \u010dini taj proces lak\u0161im nego ikada.<\/p>\n<h3 data-start=\"2390\" data-end=\"2445\">Idealno za sve \u2013 od po\u010detnika do profesionalaca<\/h3>\n<p data-start=\"2447\" data-end=\"2602\">Bilo da ste po\u010detnica u \u0161minkanju ili profesionalni makeup artist, ovaj ure\u0111aj \u0107e vam u\u0161tedeti vreme i u\u010diniti da va\u0161i alati traju du\u017ee i rade besprekorno.<\/p>\n","protected":false},"excerpt":{"rendered":"<p>O\u010distite i osu\u0161ite \u010detkice za \u0161minku za samo nekoliko sekundi pomo\u0107u ovog 3-u-1 automatskog ure\u0111aja! Pogodan za sve vrste \u010detkica, punjiv putem USB-a, \u0161tedi vreme i produ\u017eava vek va\u0161ih makeup alata.<\/p>\n","protected":false},"featured_media":11841,"comment_status":"open","ping_status":"closed","template":"","meta":[],"product_brand":[],"product_cat":[93],"product_tag":[],"class_list":{"0":"post-11840","1":"product","2":"type-product","3":"status-publish","4":"has-post-thumbnail","6":"product_cat-lepota-i-zdravlje","8":"first","9":"instock","10":"shipping-taxable","11":"purchasable","12":"product-type-simple"},"_links":{"self":[{"href":"https:\/\/vendorshop.rs\/index.php\/wp-json\/wp\/v2\/product\/11840","targetHints":{"allow":["GET"]}}],"collection":[{"href":"https:\/\/vendorshop.rs\/index.php\/wp-json\/wp\/v2\/product"}],"about":[{"href":"https:\/\/vendorshop.rs\/index.php\/wp-json\/wp\/v2\/types\/product"}],"replies":[{"embeddable":true,"href":"https:\/\/vendorshop.rs\/index.php\/wp-json\/wp\/v2\/comments?post=11840"}],"version-history":[{"count":1,"href":"https:\/\/vendorshop.rs\/index.php\/wp-json\/wp\/v2\/product\/11840\/revisions"}],"predecessor-version":[{"id":11849,"href":"https:\/\/vendorshop.rs\/index.php\/wp-json\/wp\/v2\/product\/11840\/revisions\/11849"}],"wp:featuredmedia":[{"embeddable":true,"href":"https:\/\/vendorshop.rs\/index.php\/wp-json\/wp\/v2\/media\/11841"}],"wp:attachment":[{"href":"https:\/\/vendorshop.rs\/index.php\/wp-json\/wp\/v2\/media?parent=11840"}],"wp:term":[{"taxonomy":"product_brand","embeddable":true,"href":"https:\/\/vendorshop.rs\/index.php\/wp-json\/wp\/v2\/product_brand?post=11840"},{"taxonomy":"product_cat","embeddable":true,"href":"https:\/\/vendorshop.rs\/index.php\/wp-json\/wp\/v2\/product_cat?post=11840"},{"taxonomy":"product_tag","embeddable":true,"href":"https:\/\/vendorshop.rs\/index.php\/wp-json\/wp\/v2\/product_tag?post=11840"}],"curies":[{"name":"wp","href":"https:\/\/api.w.org\/{rel}","templated":true}]}}