{"id":11878,"date":"2026-04-07T09:42:33","date_gmt":"2026-04-07T09:42:33","guid":{"rendered":"https:\/\/vendorshop.rs\/?post_type=product&#038;p=11878"},"modified":"2026-04-07T09:42:33","modified_gmt":"2026-04-07T09:42:33","slug":"vodena-magla-rashadjivanje-baste","status":"publish","type":"product","link":"https:\/\/vendorshop.rs\/index.php\/product\/vodena-magla-rashadjivanje-baste\/","title":{"rendered":"Vodena magla &#8211; sistem za hla\u0111enje vodenom maglom"},"content":{"rendered":"<h2 data-start=\"243\" data-end=\"286\">\u0160ta je vodena magla i za\u0161to vam treba?<\/h2>\n<p data-start=\"287\" data-end=\"699\"><strong>Vodena magla<\/strong> je jednostavan, ali neverovatno efikasan sistem za rashla\u0111ivanje tokom vrelih letnjih dana. Radi tako \u0161to kroz crevo pod pritiskom pu\u0161ta vodu kroz specijalne dizne, koje je pretvaraju u najsitnije kapljice \u2013 gotovo kao prirodna magla. Kada ta sitna vodena pra\u0161ina ispuni prostor, temperatura vazduha mo\u017ee da se spusti i do <strong data-start=\"623\" data-end=\"637\">10 stepeni<\/strong>, a vi dobijate prijatan ose\u0107aj sve\u017eine bez da se pokvasite.<\/p>\n<h2 data-start=\"701\" data-end=\"741\">Idealno za ba\u0161te, terase i dvori\u0161ta<\/h2>\n<p data-start=\"742\" data-end=\"1181\">Zamislite da u\u017eivate u hladu svoje ba\u0161te, na terasi<\/p>\n<p>U\u017eivajte u prijatnoj sve\u017eini \u010dak i tokom najtoplijih dana! Ovaj 10-metarski set vodene magle brzo i efikasno rashla\u0111uje va\u0161u ba\u0161tu, terasu ili dvori\u0161te, pretvaraju\u0107i ih u savr\u0161eno letnje uto\u010di\u0161te.<\/p>\n<p><strong>Pored standardne du\u017eine od 10 metara u ponudi imamo i du\u017eine od 15 i 20 metara<\/strong><\/p>\n<p data-start=\"742\" data-end=\"1181\">ili pored bazena, dok oko vas kru\u017ei lagana vodena <a href=\"https:\/\/sr.wikipedia.org\/wiki\/%D0%9C%D0%B0%D0%B3%D0%BB%D0%B0\" target=\"_blank\" rel=\"noopener\">magla<\/a> koja rashla\u0111uje prostor. Sistem vodene magle je stvoren ba\u0161 za to \u2013 za otvorene prostore gde je sunce nemilosrdno. Mo\u017eete ga postaviti na pergolu, ogradu, suncobran ili bilo koju konstrukciju u dvori\u0161tu. Za monta\u017eu vam nije potrebna posebna instalacija \u2013 sve \u0161to treba je slavina za vodu i nekoliko minuta da sistem pove\u017eete.<\/p>\n<h2 data-start=\"1183\" data-end=\"1214\">Koliko tro\u0161i vodena magla?<\/h2>\n<p data-start=\"1215\" data-end=\"1469\">Iako se \u010dini da radi \u201cpunom parom\u201d, ovaj sistem je zapravo veoma ekonomi\u010dan. Dizne prave mikro-kapljice, pa potro\u0161nja vode ostaje minimalna \u2013 \u010desto manje nego kad zalivate ba\u0161tu. Na taj na\u010din dobijate <strong data-start=\"1416\" data-end=\"1466\">maksimalno rashla\u0111ivanje uz minimalne tro\u0161kove<\/strong>.<\/p>\n<h2 data-start=\"1471\" data-end=\"1514\">Prednosti hla\u0111enja vodenom maglom<\/h2>\n<ul data-start=\"1515\" data-end=\"1920\">\n<li data-start=\"1515\" data-end=\"1573\">\n<p data-start=\"1517\" data-end=\"1573\"><strong data-start=\"1517\" data-end=\"1539\">Trenutno osve\u017eenje<\/strong> \u2013 spu\u0161ta temperaturu i do 10\u00b0C.<\/p>\n<\/li>\n<li data-start=\"1574\" data-end=\"1645\">\n<p data-start=\"1576\" data-end=\"1645\"><strong data-start=\"1576\" data-end=\"1599\">Jednostavna monta\u017ea<\/strong> \u2013 postavlja se za par minuta, bez majstora.<\/p>\n<\/li>\n<li data-start=\"1646\" data-end=\"1742\">\n<p data-start=\"1648\" data-end=\"1742\"><strong data-start=\"1648\" data-end=\"1671\">Univerzalna primena<\/strong> \u2013 ba\u0161te, terase, kafi\u0107i, dvori\u0161ta, letnje kuhinje, \u010dak i staklenici.<\/p>\n<\/li>\n<li data-start=\"1743\" data-end=\"1803\">\n<p data-start=\"1745\" data-end=\"1803\"><strong data-start=\"1745\" data-end=\"1774\">Ekonomi\u010dna potro\u0161nja vode<\/strong> \u2013 tro\u0161i iznena\u0111uju\u0107e malo.<\/p>\n<\/li>\n<li data-start=\"1804\" data-end=\"1920\">\n<p data-start=\"1806\" data-end=\"1920\"><strong data-start=\"1806\" data-end=\"1825\">Dodatni benefit<\/strong> \u2013 sitne kapljice vezuju pra\u0161inu i odbijaju komarce, pa prostor postaje \u010distiji i prijatniji.<\/p>\n<\/li>\n<\/ul>\n<h2 data-start=\"1922\" data-end=\"1950\">Na\u0161 set za vodenu maglu<\/h2>\n<p data-start=\"1951\" data-end=\"2250\">Prodajemo <strong>kompletne setove za hla\u0111enje vodenom maglom<\/strong>, tako da ne morate razmi\u0161ljati \u0161ta vam sve treba. Komplet uklju\u010duje sve \u0161to vam je potrebno za brzo postavljanje i kori\u0161\u0107enje:<\/p>\n<ul data-start=\"1652\" data-end=\"1768\">\n<li data-start=\"1055\" data-end=\"1136\">\n<p data-start=\"1057\" data-end=\"1136\"><strong data-start=\"1057\" data-end=\"1103\">10 metara creva sa integrisanim mlaznicama<\/strong> za ravnomerno raspr\u0161ivanje magle<\/p>\n<\/li>\n<li data-start=\"1137\" data-end=\"1194\">\n<p data-start=\"1139\" data-end=\"1194\"><strong data-start=\"1139\" data-end=\"1172\">Priklju\u010dak za ba\u0161tensko crevo<\/strong> (standardna veli\u010dina)<\/p>\n<\/li>\n<li data-start=\"1195\" data-end=\"1278\">\n<p data-start=\"1197\" data-end=\"1278\"><strong data-start=\"1197\" data-end=\"1218\">Monta\u017eni elementi<\/strong> za lako pri\u010dvr\u0161\u0107ivanje na zidove, tende, ograde ili pergole<\/p>\n<\/li>\n<li data-start=\"1279\" data-end=\"1367\">\n<p data-start=\"1281\" data-end=\"1367\"><strong data-start=\"1281\" data-end=\"1302\">Precizne mlaznice<\/strong> od mesinga koje ne kaplju, ve\u0107 stvaraju finu, osve\u017eavaju\u0107u maglu<\/p>\n<\/li>\n<\/ul>\n<h2 data-start=\"2252\" data-end=\"2305\">Rashladite se ovog leta \u2013 jednostavno i prirodno<\/h2>\n<p data-start=\"2306\" data-end=\"2506\">Ako ste umorni od ventilatora i klima ure\u0111aja koji \u201cseku\u201d vazduh i tro\u0161e puno struje, <strong>vodena magla je savr\u0161eno re\u0161enje<\/strong>. Bez bu\u010dnog motora, bez velikih ra\u010duna za struju, a efekat je trenutno vidljiv. Neka va\u0161e dvori\u0161te, terasa ili ba\u0161ta postanu mesto gde \u0107ete se rado okupljati i kada su temperature visoke.<\/p>\n<p data-start=\"2619\" data-end=\"2702\"><em>\ud83d\udc49 Ako vam je potrebno jo\u0161 ne\u0161to od <a href=\"https:\/\/vendorshop.rs\/index.php\/product-category\/dvoriste-i-basta\/\">opreme za ba\u0161tu i dvori\u0161te<\/a>, pogledajte na\u0161 sajt.<\/em><\/p>\n","protected":false},"excerpt":{"rendered":"<p>U\u017eivajte u prijatnoj sve\u017eini \u010dak i tokom najtoplijih dana! Ovaj 10-metarski set vodene magle brzo i efikasno rashla\u0111uje va\u0161u ba\u0161tu, terasu ili dvori\u0161te, pretvaraju\u0107i ih u savr\u0161eno letnje uto\u010di\u0161te.<\/p>\n<p><strong>Pored standardne du\u017eine od 10 metara u ponudi imamo i du\u017eine od 15 i 20 metara<\/strong><\/p>\n","protected":false},"featured_media":11879,"comment_status":"open","ping_status":"closed","template":"","meta":[],"product_brand":[],"product_cat":[135],"product_tag":[],"class_list":{"0":"post-11878","1":"product","2":"type-product","3":"status-publish","4":"has-post-thumbnail","6":"product_cat-dvoriste-i-basta","7":"pa_velicine-10-metara","8":"pa_velicine-15-metara","9":"pa_velicine-20-metara","11":"first","12":"instock","13":"shipping-taxable","14":"purchasable","15":"product-type-variable"},"_links":{"self":[{"href":"https:\/\/vendorshop.rs\/index.php\/wp-json\/wp\/v2\/product\/11878","targetHints":{"allow":["GET"]}}],"collection":[{"href":"https:\/\/vendorshop.rs\/index.php\/wp-json\/wp\/v2\/product"}],"about":[{"href":"https:\/\/vendorshop.rs\/index.php\/wp-json\/wp\/v2\/types\/product"}],"replies":[{"embeddable":true,"href":"https:\/\/vendorshop.rs\/index.php\/wp-json\/wp\/v2\/comments?post=11878"}],"version-history":[{"count":1,"href":"https:\/\/vendorshop.rs\/index.php\/wp-json\/wp\/v2\/product\/11878\/revisions"}],"predecessor-version":[{"id":11885,"href":"https:\/\/vendorshop.rs\/index.php\/wp-json\/wp\/v2\/product\/11878\/revisions\/11885"}],"wp:featuredmedia":[{"embeddable":true,"href":"https:\/\/vendorshop.rs\/index.php\/wp-json\/wp\/v2\/media\/11879"}],"wp:attachment":[{"href":"https:\/\/vendorshop.rs\/index.php\/wp-json\/wp\/v2\/media?parent=11878"}],"wp:term":[{"taxonomy":"product_brand","embeddable":true,"href":"https:\/\/vendorshop.rs\/index.php\/wp-json\/wp\/v2\/product_brand?post=11878"},{"taxonomy":"product_cat","embeddable":true,"href":"https:\/\/vendorshop.rs\/index.php\/wp-json\/wp\/v2\/product_cat?post=11878"},{"taxonomy":"product_tag","embeddable":true,"href":"https:\/\/vendorshop.rs\/index.php\/wp-json\/wp\/v2\/product_tag?post=11878"}],"curies":[{"name":"wp","href":"https:\/\/api.w.org\/{rel}","templated":true}]}}