{"id":11941,"date":"2026-04-07T10:14:04","date_gmt":"2026-04-07T10:14:04","guid":{"rendered":"https:\/\/vendorshop.rs\/?post_type=product&#038;p=11941"},"modified":"2026-04-07T10:14:05","modified_gmt":"2026-04-07T10:14:05","slug":"silikonski-kuhinjski-set-19-delova","status":"publish","type":"product","link":"https:\/\/vendorshop.rs\/index.php\/product\/silikonski-kuhinjski-set-19-delova\/","title":{"rendered":"Silikonski Kuhinjski Set sa Bambus Stalakom &#8211; Otporan na Toplotu i Nelepljiv"},"content":{"rendered":"<h3 data-start=\"654\" data-end=\"748\"><strong data-start=\"658\" data-end=\"748\">Silikonski kuhinjski set od 19 delova \u2013 sve \u0161to ti treba za lako i bezbedno kuvanje<\/strong><\/h3>\n<p data-start=\"750\" data-end=\"1166\">Ako tra\u017ei\u0161 kompletan i prakti\u010dan set kuhinjskog pribora koji kombinuje funkcionalnost, kvalitet i moderan dizajn, ovaj<strong>Silikonski kuhinjski set\u00a0od 19 delova silikonskog kuhinjskog pribora<\/strong> je savr\u0161en izbor. U kompletu se nalaze svi osnovni alati koji ti mogu zatrebati tokom pripreme obroka \u2013 od ka\u0161ika i spatula, do kuhinjskih no\u017eeva \u2013 a sve to uredno stoji u elegantnom <strong data-start=\"1104\" data-end=\"1126\">stalaku od bambusa<\/strong>, koji doprinosi ure\u0111enju tvoje kuhinje.<\/p>\n<h3 data-start=\"1168\" data-end=\"1219\"><strong data-start=\"1172\" data-end=\"1219\">Za\u0161to izabrati silikonski kuhinjski set?<\/strong><\/h3>\n<p data-start=\"1221\" data-end=\"1439\"><strong data-start=\"1221\" data-end=\"1243\">Toplotna otpornost<\/strong>: Ovi alati izra\u0111eni su od visokokvalitetnog silikona koji je otporan na visoke temperature. Bez brige mo\u017ee\u0161 me\u0161ati vrele supe, sosove ili pr\u017eiti hranu bez rizika da se pribor deformi\u0161e ili otopi.<\/p>\n<p data-start=\"1441\" data-end=\"1600\"><strong data-start=\"1441\" data-end=\"1464\">Nelepljiva povr\u0161ina<\/strong>: Silikon je savr\u0161en materijal za rad sa nelepljivim tiganjima i \u0161erpama jer ne grebe povr\u0161inu, \u0161to produ\u017eava vek trajanja tvoje posude.<\/p>\n<p data-start=\"1602\" data-end=\"1851\"><strong data-start=\"1602\" data-end=\"1636\">Ekolo\u0161ki i bezbedni materijali<\/strong>: Pribor ne sadr\u017ei \u0161tetne hemikalije (bez BPA) i potpuno je bezbedan za pripremu hrane. Tako\u0111e je i <strong data-start=\"1736\" data-end=\"1752\">eco-friendly<\/strong>, \u0161to ga \u010dini idealnim izborom za savremene kuhinje koje vode ra\u010duna o zdravlju i \u017eivotnoj sredini.<\/p>\n<h3 data-start=\"1853\" data-end=\"1874\"><strong data-start=\"1857\" data-end=\"1874\">Sadr\u017eaj seta:<\/strong><\/h3>\n<p data-start=\"1876\" data-end=\"1950\">Silikonski kuhinjski set uklju\u010duje sve neophodne alate za kuvanje i pripremu hrane, kao \u0161to su:<\/p>\n<ul data-start=\"1952\" data-end=\"2096\">\n<li data-start=\"1952\" data-end=\"1988\">\n<p data-start=\"1954\" data-end=\"1988\">Razli\u010dite vrste kuhinjskih spatula<\/p>\n<\/li>\n<li data-start=\"1989\" data-end=\"2011\">\n<p data-start=\"1991\" data-end=\"2011\">Velike i male ka\u0161ike<\/p>\n<\/li>\n<li data-start=\"2012\" data-end=\"2023\">\n<p data-start=\"2014\" data-end=\"2023\">Hvataljke<\/p>\n<\/li>\n<li data-start=\"2024\" data-end=\"2044\">\n<p data-start=\"2026\" data-end=\"2044\">Metlice za mu\u0107enje<\/p>\n<\/li>\n<li data-start=\"2045\" data-end=\"2053\">\n<p data-start=\"2047\" data-end=\"2053\">No\u017eevi<\/p>\n<\/li>\n<li data-start=\"2054\" data-end=\"2079\">\n<p data-start=\"2056\" data-end=\"2079\">\u010cetkice za premazivanje<\/p>\n<\/li>\n<li data-start=\"2080\" data-end=\"2096\">\n<p data-start=\"2082\" data-end=\"2096\">Servirne alate<\/p>\n<\/li>\n<\/ul>\n<p data-start=\"2098\" data-end=\"2180\">Svi delovi su pa\u017eljivo dizajnirani da budu ergonomski i jednostavni za kori\u0161\u0107enje.<\/p>\n<h3 data-start=\"2182\" data-end=\"2213\"><strong data-start=\"2186\" data-end=\"2213\">Prakti\u010dan bambus stalak<\/strong><\/h3>\n<p data-start=\"2215\" data-end=\"2486\">Pored toga \u0161to olak\u0161ava organizaciju pribora, stalak od prirodnog bambusa daje elegantan izgled kuhinji i \u0161tedi prostor. Bambus je poznat po svojoj izdr\u017eljivosti, otpornosti na vlagu i estetskoj privla\u010dnosti, \u010dine\u0107i ovaj set ne samo korisnim, ve\u0107 i dekorativnim dodatkom.<\/p>\n<h3 data-start=\"2488\" data-end=\"2511\"><strong data-start=\"2492\" data-end=\"2511\">Lako odr\u017eavanje<\/strong><\/h3>\n<p data-start=\"2513\" data-end=\"2717\">Svi delovi seta su <strong data-start=\"2532\" data-end=\"2547\">lako perivi<\/strong> \u2013 mo\u017ee\u0161 ih prati ru\u010dno ili u ma\u0161ini za sudove. Zahvaljuju\u0107i silikonima, ne zadr\u017eavaju mirise niti boje hrane, \u0161to garantuje dugotrajan \u010dist izgled i higijensku upotrebu.<\/p>\n","protected":false},"excerpt":{"rendered":"<p>Silikonski kuhinjski set je komplet od 19 kuhinjskih alata od kvalitetnog, toplotno otpornog silikona sa postoljem od bambusa. Nelepljivi, ekolo\u0161ki i dugotrajni \u2013 idealni za svakodnevno kuvanje bez ogrebotina po tiganjima i \u0161erpama.<\/p>\n","protected":false},"featured_media":11946,"comment_status":"open","ping_status":"closed","template":"","meta":[],"product_brand":[],"product_cat":[71],"product_tag":[],"class_list":{"0":"post-11941","1":"product","2":"type-product","3":"status-publish","4":"has-post-thumbnail","6":"product_cat-sve-za-kucu","8":"first","9":"instock","10":"shipping-taxable","11":"purchasable","12":"product-type-simple"},"_links":{"self":[{"href":"https:\/\/vendorshop.rs\/index.php\/wp-json\/wp\/v2\/product\/11941","targetHints":{"allow":["GET"]}}],"collection":[{"href":"https:\/\/vendorshop.rs\/index.php\/wp-json\/wp\/v2\/product"}],"about":[{"href":"https:\/\/vendorshop.rs\/index.php\/wp-json\/wp\/v2\/types\/product"}],"replies":[{"embeddable":true,"href":"https:\/\/vendorshop.rs\/index.php\/wp-json\/wp\/v2\/comments?post=11941"}],"version-history":[{"count":1,"href":"https:\/\/vendorshop.rs\/index.php\/wp-json\/wp\/v2\/product\/11941\/revisions"}],"predecessor-version":[{"id":11948,"href":"https:\/\/vendorshop.rs\/index.php\/wp-json\/wp\/v2\/product\/11941\/revisions\/11948"}],"wp:featuredmedia":[{"embeddable":true,"href":"https:\/\/vendorshop.rs\/index.php\/wp-json\/wp\/v2\/media\/11946"}],"wp:attachment":[{"href":"https:\/\/vendorshop.rs\/index.php\/wp-json\/wp\/v2\/media?parent=11941"}],"wp:term":[{"taxonomy":"product_brand","embeddable":true,"href":"https:\/\/vendorshop.rs\/index.php\/wp-json\/wp\/v2\/product_brand?post=11941"},{"taxonomy":"product_cat","embeddable":true,"href":"https:\/\/vendorshop.rs\/index.php\/wp-json\/wp\/v2\/product_cat?post=11941"},{"taxonomy":"product_tag","embeddable":true,"href":"https:\/\/vendorshop.rs\/index.php\/wp-json\/wp\/v2\/product_tag?post=11941"}],"curies":[{"name":"wp","href":"https:\/\/api.w.org\/{rel}","templated":true}]}}