{"id":11959,"date":"2026-04-08T07:47:26","date_gmt":"2026-04-08T07:47:26","guid":{"rendered":"https:\/\/vendorshop.rs\/?post_type=product&#038;p=11959"},"modified":"2026-04-08T07:47:26","modified_gmt":"2026-04-08T07:47:26","slug":"posuda-za-led-silikonski-kalup","status":"publish","type":"product","link":"https:\/\/vendorshop.rs\/index.php\/product\/posuda-za-led-silikonski-kalup\/","title":{"rendered":"2-u-1 Posuda za Led \u2013 Silikonski Kalup za Led u Obliku Blokova"},"content":{"rendered":"<h3 data-start=\"562\" data-end=\"630\"><strong data-start=\"566\" data-end=\"630\">Ohladi se sa stilom \u2013 2-u-1 posuda za led i posuda za \u010duvanje<\/strong><\/h3>\n<p data-start=\"632\" data-end=\"925\">Letnje vru\u0107ine mogu biti neizdr\u017eive, ali uz ovu prakti\u010dnu <strong data-start=\"690\" data-end=\"740\">2-u-1 posudu za pravljenje i skladi\u0161tenje leda<\/strong>, uvek \u0107e\u0161 imati sve\u017ee kocke leda pri ruci. Bilo da pravi\u0161 osve\u017eavaju\u0107i napitak kod ku\u0107e, u baru ili na izletu, ovaj proizvod ti omogu\u0107ava brzo i \u010disto pravljenje leda bez komplikacija.<\/p>\n<h3 data-start=\"927\" data-end=\"981\"><strong data-start=\"931\" data-end=\"981\">Inovativni dizajn za maksimalnu funkcionalnost<\/strong><\/h3>\n<p data-start=\"983\" data-end=\"1122\">Za razliku od klasi\u010dnih posuda za led, ova <strong data-start=\"1026\" data-end=\"1047\">silikonska posuda za led <\/strong>slu\u017ei i kao <strong data-start=\"1060\" data-end=\"1076\">kalup za led<\/strong> i kao <strong data-start=\"1083\" data-end=\"1102\">boca za no\u0161enje<\/strong>. To zna\u010di da mo\u017ee\u0161:<\/p>\n<ul data-start=\"1124\" data-end=\"1247\">\n<li data-start=\"1124\" data-end=\"1154\">\n<p data-start=\"1126\" data-end=\"1154\">Sipati vodu direktno u kalup<\/p>\n<\/li>\n<li data-start=\"1155\" data-end=\"1186\">\n<p data-start=\"1157\" data-end=\"1186\">Zalediti te\u010dnost u zamrziva\u010du<\/p>\n<\/li>\n<li data-start=\"1187\" data-end=\"1247\">\n<p data-start=\"1189\" data-end=\"1247\">Zatim koristiti bocu za no\u0161enje ledene vode ili kocki leda<\/p>\n<\/li>\n<\/ul>\n<p data-start=\"1249\" data-end=\"1331\">Bez potrebe za presipanjem ili kori\u0161\u0107enjem posebnih kesa \u2013 sve je u jednoj posudi.<\/p>\n<h3 data-start=\"1333\" data-end=\"1372\"><strong data-start=\"1337\" data-end=\"1372\">Glavne karakteristike proizvoda<\/strong><\/h3>\n<h4 data-start=\"1374\" data-end=\"1425\"><strong data-start=\"1379\" data-end=\"1425\">1. Veliki kapacitet i brzo pravljenje leda<\/strong><\/h4>\n<p data-start=\"1427\" data-end=\"1587\">Sa jednim punjenjem mo\u017ee\u0161 napraviti desetine kocki leda odjednom. To je idealno za letnje zabave, okupljanja, koktele, ili \u010dak za \u010duvanje sve\u017eine vo\u0107a i povr\u0107a.<\/p>\n<h4 data-start=\"1589\" data-end=\"1642\"><strong data-start=\"1594\" data-end=\"1642\">2. Pogodan za ku\u0107nu i profesionalnu upotrebu<\/strong><\/h4>\n<p data-start=\"1644\" data-end=\"1831\">Bilo da si kod ku\u0107e, u baru, restoranu ili na putovanju, ovaj <strong data-start=\"1706\" data-end=\"1728\">2-u-1 kalup za led<\/strong> savr\u0161eno se uklapa u svaki ambijent. U\u0161tedi prostor i vreme \u2013 koristi jedan proizvod za vi\u0161e funkcija.<\/p>\n<h4 data-start=\"1833\" data-end=\"1884\"><strong data-start=\"1838\" data-end=\"1884\">3. Izbegni neprijatne mirise iz zamrziva\u010da<\/strong><\/h4>\n<p data-start=\"1886\" data-end=\"2071\">Zahvaljuju\u0107i zatvorenom dizajnu, kocke leda <strong data-start=\"1930\" data-end=\"1953\">ne apsorbuju mirise<\/strong> iz fri\u017eidera ili zamrziva\u010da. Tako\u0111e, ne dolazi do direktnog dodira ruku sa ledom \u2013 \u0161to \u010dini kori\u0161\u0107enje higijenskijim.<\/p>\n<h4 data-start=\"2073\" data-end=\"2111\"><strong data-start=\"2078\" data-end=\"2111\">4. Lako \u010di\u0161\u0107enje i odr\u017eavanje<\/strong><\/h4>\n<p data-start=\"2113\" data-end=\"2303\">Silikonski kalupi se <strong data-start=\"2134\" data-end=\"2153\">mogu razdvojiti<\/strong> radi lak\u0161eg pranja, a mogu se prati i u <strong data-start=\"2194\" data-end=\"2214\">ma\u0161ini za sudove<\/strong>. Prilikom prve upotrebe preporu\u010duje se \u010di\u0161\u0107enje obi\u010dnom vodom \u2013 izbegavaj klju\u010dalu vodu.<\/p>\n<h3 data-start=\"2310\" data-end=\"2342\"><strong data-start=\"2314\" data-end=\"2342\">Specifikacija proizvoda:<\/strong><\/h3>\n<ul data-start=\"2344\" data-end=\"2613\">\n<li data-start=\"2344\" data-end=\"2396\">\n<p data-start=\"2346\" data-end=\"2396\"><strong data-start=\"2346\" data-end=\"2365\">Naziv proizvoda<\/strong>: 2-u-1 kalup i posuda za led<\/p>\n<\/li>\n<li data-start=\"2397\" data-end=\"2425\">\n<p data-start=\"2399\" data-end=\"2425\"><strong data-start=\"2399\" data-end=\"2416\">\u0160ifra artikla<\/strong>: G555A<\/p>\n<\/li>\n<li data-start=\"2426\" data-end=\"2484\">\n<p data-start=\"2428\" data-end=\"2484\"><strong data-start=\"2428\" data-end=\"2441\">Materijal<\/strong>: Plastika (sigurna za kontakt sa hranom)<\/p>\n<\/li>\n<li data-start=\"2485\" data-end=\"2506\">\n<p data-start=\"2487\" data-end=\"2506\"><strong data-start=\"2487\" data-end=\"2497\">Te\u017eina<\/strong>: 349 g<\/p>\n<\/li>\n<li data-start=\"2507\" data-end=\"2527\">\n<p data-start=\"2509\" data-end=\"2527\"><strong data-start=\"2509\" data-end=\"2517\">Boja<\/strong>: Zelena<\/p>\n<\/li>\n<li data-start=\"2528\" data-end=\"2570\">\n<p data-start=\"2530\" data-end=\"2570\"><strong data-start=\"2530\" data-end=\"2551\">Sezona kori\u0161\u0107enja<\/strong>: Idealno za leto<\/p>\n<\/li>\n<li data-start=\"2571\" data-end=\"2613\">\n<p data-start=\"2573\" data-end=\"2613\"><strong data-start=\"2573\" data-end=\"2593\">Pakovanje sadr\u017ei<\/strong>: 1x posuda za led<\/p>\n<\/li>\n<\/ul>\n","protected":false},"excerpt":{"rendered":"<p>Prakti\u010dan 2-u-1 kalup posuda za led i posuda za \u010duvanje \u2013 idealan za letnje osve\u017eenje kod ku\u0107e, u kafi\u0107u ili na putu. Napravi desetine kocki leda brzo i lako, bez neprijatnih mirisa iz zamrziva\u010da.<\/p>\n","protected":false},"featured_media":11966,"comment_status":"open","ping_status":"closed","template":"","meta":[],"product_brand":[],"product_cat":[71],"product_tag":[],"class_list":{"0":"post-11959","1":"product","2":"type-product","3":"status-publish","4":"has-post-thumbnail","6":"product_cat-sve-za-kucu","8":"first","9":"instock","10":"shipping-taxable","11":"purchasable","12":"product-type-simple"},"_links":{"self":[{"href":"https:\/\/vendorshop.rs\/index.php\/wp-json\/wp\/v2\/product\/11959","targetHints":{"allow":["GET"]}}],"collection":[{"href":"https:\/\/vendorshop.rs\/index.php\/wp-json\/wp\/v2\/product"}],"about":[{"href":"https:\/\/vendorshop.rs\/index.php\/wp-json\/wp\/v2\/types\/product"}],"replies":[{"embeddable":true,"href":"https:\/\/vendorshop.rs\/index.php\/wp-json\/wp\/v2\/comments?post=11959"}],"version-history":[{"count":2,"href":"https:\/\/vendorshop.rs\/index.php\/wp-json\/wp\/v2\/product\/11959\/revisions"}],"predecessor-version":[{"id":11968,"href":"https:\/\/vendorshop.rs\/index.php\/wp-json\/wp\/v2\/product\/11959\/revisions\/11968"}],"wp:featuredmedia":[{"embeddable":true,"href":"https:\/\/vendorshop.rs\/index.php\/wp-json\/wp\/v2\/media\/11966"}],"wp:attachment":[{"href":"https:\/\/vendorshop.rs\/index.php\/wp-json\/wp\/v2\/media?parent=11959"}],"wp:term":[{"taxonomy":"product_brand","embeddable":true,"href":"https:\/\/vendorshop.rs\/index.php\/wp-json\/wp\/v2\/product_brand?post=11959"},{"taxonomy":"product_cat","embeddable":true,"href":"https:\/\/vendorshop.rs\/index.php\/wp-json\/wp\/v2\/product_cat?post=11959"},{"taxonomy":"product_tag","embeddable":true,"href":"https:\/\/vendorshop.rs\/index.php\/wp-json\/wp\/v2\/product_tag?post=11959"}],"curies":[{"name":"wp","href":"https:\/\/api.w.org\/{rel}","templated":true}]}}