{"id":12058,"date":"2026-04-09T08:04:43","date_gmt":"2026-04-09T08:04:43","guid":{"rendered":"https:\/\/vendorshop.rs\/?post_type=product&#038;p=12058"},"modified":"2026-04-09T08:04:43","modified_gmt":"2026-04-09T08:04:43","slug":"elektronska-akupunkturna-olovka","status":"publish","type":"product","link":"https:\/\/vendorshop.rs\/index.php\/product\/elektronska-akupunkturna-olovka\/","title":{"rendered":"Elektronska Akupunkturna Olovka \u2013 Terapija Ta\u010daka za Olak\u0161anje Bola"},"content":{"rendered":"<h3 data-start=\"692\" data-end=\"737\">Akupunkturna olovka &#8211; spoj tradicije i moderne tehnologije<\/h3>\n<p data-start=\"738\" data-end=\"999\">Otkrij savremeni na\u010din primene drevne kineske medicine uz <strong data-start=\"796\" data-end=\"831\">elektronsku akupunkturnu olovku<\/strong>. Ova mala, prenosiva sprava koristi blage elektri\u010dne impulse kako bi stimulisala akupunkturne ta\u010dke, pobolj\u0161ala cirkulaciju i opustila mi\u0161i\u0107e \u2013 bez igala i bez bola.<\/p>\n<p data-start=\"1001\" data-end=\"1150\">Bilo da te mu\u010di uko\u010den vrat, bol u le\u0111ima, umorne noge ili napetost u ramenima, ovaj ure\u0111aj mo\u017ee biti tvoj svakodnevni saveznik protiv neprijatnosti.<\/p>\n<hr data-start=\"1152\" data-end=\"1155\" \/>\n<h3 data-start=\"1157\" data-end=\"1182\">\u00a0Kako funkcioni\u0161e elektronska akupunkturna olovka?<\/h3>\n<p data-start=\"1183\" data-end=\"1373\">Olovka koristi princip stimulacije akupunkturnih ta\u010daka na telu putem niskofrekventnih elektri\u010dnih impulsa. Kada je postavi\u0161 na odre\u0111enu ta\u010dku, ure\u0111aj \u0161alje blage vibracije i impulse koji:<\/p>\n<ul data-start=\"1375\" data-end=\"1491\">\n<li data-start=\"1375\" data-end=\"1403\">\n<p data-start=\"1377\" data-end=\"1403\">Pobolj\u0161avaju protok krvi<\/p>\n<\/li>\n<li data-start=\"1404\" data-end=\"1433\">\n<p data-start=\"1406\" data-end=\"1433\">Ubla\u017eavaju bol i napetost<\/p>\n<\/li>\n<li data-start=\"1434\" data-end=\"1462\">\n<p data-start=\"1436\" data-end=\"1462\">Podsti\u010du oporavak mi\u0161i\u0107a<\/p>\n<\/li>\n<li data-start=\"1463\" data-end=\"1491\">\n<p data-start=\"1465\" data-end=\"1491\">Poma\u017eu u smanjenju umora<\/p>\n<\/li>\n<\/ul>\n<p data-start=\"1493\" data-end=\"1535\">Sve to bez hemikalija, lekova i nuspojava.<\/p>\n<hr data-start=\"1537\" data-end=\"1540\" \/>\n<h3 data-start=\"1542\" data-end=\"1572\">\u00a0Vi\u0161enamenska upotreba<\/h3>\n<p data-start=\"1573\" data-end=\"1625\"><strong data-start=\"1573\" data-end=\"1608\">Elektronska akupunkturna olovka<\/strong> je pogodna za:<\/p>\n<ul data-start=\"1627\" data-end=\"1780\">\n<li data-start=\"1627\" data-end=\"1661\">\n<p data-start=\"1629\" data-end=\"1661\">Bol u vratu, le\u0111ima i ramenima<\/p>\n<\/li>\n<li data-start=\"1662\" data-end=\"1687\">\n<p data-start=\"1664\" data-end=\"1687\">Umorne i ote\u010dene noge<\/p>\n<\/li>\n<li data-start=\"1688\" data-end=\"1710\">\n<p data-start=\"1690\" data-end=\"1710\">Uko\u010denost zglobova<\/p>\n<\/li>\n<li data-start=\"1711\" data-end=\"1735\">\n<p data-start=\"1713\" data-end=\"1735\">Glavobolje i tenziju<\/p>\n<\/li>\n<li data-start=\"1736\" data-end=\"1780\">\n<p data-start=\"1738\" data-end=\"1780\">Umor od dugotrajnog sedenja ili stajanja<\/p>\n<\/li>\n<\/ul>\n<p data-start=\"1782\" data-end=\"1875\">Zahvaljuju\u0107i razli\u010ditim nivoima ja\u010dine impulsa, lako je prilagodi\u0161 svom stepenu osetljivosti.<\/p>\n<hr data-start=\"1877\" data-end=\"1880\" \/>\n<h3 data-start=\"1882\" data-end=\"1919\">\u00a0Vi\u0161e nastavaka i modova rada<\/h3>\n<p data-start=\"1920\" data-end=\"1974\">Ova akupunktorna olovka dolazi sa vi\u0161e nastavaka za razli\u010dite namene:<\/p>\n<ul data-start=\"1976\" data-end=\"2156\">\n<li data-start=\"1976\" data-end=\"2040\">\n<p data-start=\"1978\" data-end=\"2040\"><strong data-start=\"1978\" data-end=\"1996\">Ravan nastavak<\/strong> za povr\u0161inske bolove i ve\u0107e mi\u0161i\u0107ne grupe<\/p>\n<\/li>\n<li data-start=\"2041\" data-end=\"2110\">\n<p data-start=\"2043\" data-end=\"2110\"><strong data-start=\"2043\" data-end=\"2063\">Okrugli nastavak<\/strong> za preciznu stimulaciju akupunkturnih ta\u010daka<\/p>\n<\/li>\n<li data-start=\"2111\" data-end=\"2156\">\n<p data-start=\"2113\" data-end=\"2156\"><strong data-start=\"2113\" data-end=\"2132\">\u010ce\u0161alj nastavak<\/strong> za opu\u0161tanje vlasi\u0161ta<\/p>\n<\/li>\n<\/ul>\n<p data-start=\"2158\" data-end=\"2253\">Jednostavno menja\u0161 nastavke prema delu tela koji tretira\u0161 i bira\u0161 mod koji ti najvi\u0161e odgovara.<\/p>\n<hr data-start=\"2255\" data-end=\"2258\" \/>\n<h3 data-start=\"2260\" data-end=\"2297\">\u00a0Prenosiva i laka za upotrebu<\/h3>\n<p data-start=\"2298\" data-end=\"2556\">Ova <strong data-start=\"2302\" data-end=\"2337\">elektronska akupunkturna olovka<\/strong> je lagana, kompaktna i staje u torbu ili fioku. Mo\u017ee\u0161 je koristiti kod ku\u0107e, u kancelariji ili na putovanju \u2013 bez potrebe za skupim tretmanima u salonima. Radi na obi\u010dne baterije, tako da je uvek spremna za upotrebu.<\/p>\n<hr data-start=\"2558\" data-end=\"2561\" \/>\n<h3 data-start=\"2563\" data-end=\"2593\">\u00a0Prednosti kori\u0161\u0107enja:<\/h3>\n<ul data-start=\"2594\" data-end=\"2815\">\n<li data-start=\"2594\" data-end=\"2614\">\n<p data-start=\"2596\" data-end=\"2614\">Bez igala i bola<\/p>\n<\/li>\n<li data-start=\"2615\" data-end=\"2657\">\n<p data-start=\"2617\" data-end=\"2657\">Pobolj\u0161ava cirkulaciju i opu\u0161ta mi\u0161i\u0107e<\/p>\n<\/li>\n<li data-start=\"2658\" data-end=\"2704\">\n<p data-start=\"2660\" data-end=\"2704\">Poma\u017ee u ubla\u017eavanju razli\u010ditih vrsta bola<\/p>\n<\/li>\n<li data-start=\"2705\" data-end=\"2745\">\n<p data-start=\"2707\" data-end=\"2745\">Vi\u0161e nastavaka za razli\u010dite tretmane<\/p>\n<\/li>\n<li data-start=\"2746\" data-end=\"2787\">\n<p data-start=\"2748\" data-end=\"2787\">Prenosiva i jednostavna za kori\u0161\u0107enje<\/p>\n<\/li>\n<li data-start=\"2788\" data-end=\"2815\">\n<p data-start=\"2790\" data-end=\"2815\">Idealna za ku\u0107nu terapiju<\/p>\n<\/li>\n<\/ul>\n","protected":false},"excerpt":{"rendered":"<p>Iskoristi mo\u0107 akupresure uz <strong data-start=\"476\" data-end=\"511\">elektronsku akupunkturnu olovku<\/strong> koja kombinuje blage elektri\u010dne impulse i masa\u017eu ta\u010daka na telu. Idealna za ubla\u017eavanje bola i opu\u0161tanje mi\u0161i\u0107a kod ku\u0107e ili na poslu.<\/p>\n","protected":false},"featured_media":12065,"comment_status":"open","ping_status":"closed","template":"","meta":[],"product_brand":[],"product_cat":[93],"product_tag":[],"class_list":{"0":"post-12058","1":"product","2":"type-product","3":"status-publish","4":"has-post-thumbnail","6":"product_cat-lepota-i-zdravlje","8":"first","9":"instock","10":"shipping-taxable","11":"purchasable","12":"product-type-simple"},"_links":{"self":[{"href":"https:\/\/vendorshop.rs\/index.php\/wp-json\/wp\/v2\/product\/12058","targetHints":{"allow":["GET"]}}],"collection":[{"href":"https:\/\/vendorshop.rs\/index.php\/wp-json\/wp\/v2\/product"}],"about":[{"href":"https:\/\/vendorshop.rs\/index.php\/wp-json\/wp\/v2\/types\/product"}],"replies":[{"embeddable":true,"href":"https:\/\/vendorshop.rs\/index.php\/wp-json\/wp\/v2\/comments?post=12058"}],"version-history":[{"count":1,"href":"https:\/\/vendorshop.rs\/index.php\/wp-json\/wp\/v2\/product\/12058\/revisions"}],"predecessor-version":[{"id":12066,"href":"https:\/\/vendorshop.rs\/index.php\/wp-json\/wp\/v2\/product\/12058\/revisions\/12066"}],"wp:featuredmedia":[{"embeddable":true,"href":"https:\/\/vendorshop.rs\/index.php\/wp-json\/wp\/v2\/media\/12065"}],"wp:attachment":[{"href":"https:\/\/vendorshop.rs\/index.php\/wp-json\/wp\/v2\/media?parent=12058"}],"wp:term":[{"taxonomy":"product_brand","embeddable":true,"href":"https:\/\/vendorshop.rs\/index.php\/wp-json\/wp\/v2\/product_brand?post=12058"},{"taxonomy":"product_cat","embeddable":true,"href":"https:\/\/vendorshop.rs\/index.php\/wp-json\/wp\/v2\/product_cat?post=12058"},{"taxonomy":"product_tag","embeddable":true,"href":"https:\/\/vendorshop.rs\/index.php\/wp-json\/wp\/v2\/product_tag?post=12058"}],"curies":[{"name":"wp","href":"https:\/\/api.w.org\/{rel}","templated":true}]}}